{"id":364,"date":"2022-05-04T07:26:02","date_gmt":"2022-05-04T07:26:02","guid":{"rendered":"http:\/\/localhost\/Tourdumonde\/contact\/"},"modified":"2026-01-31T14:37:48","modified_gmt":"2026-01-31T14:37:48","slug":"contactez-nous","status":"publish","type":"page","link":"https:\/\/tourdumondeaumanege.com\/en\/contactez-nous\/","title":{"rendered":"Contact"},"content":{"rendered":"<div class=\"wp-block-uagb-container uagb-block-ecedc2bd alignfull uagb-is-root-container\"><div class=\"uagb-container-inner-blocks-wrap\">\n<figure class=\"wp-block-image alignfull size-full is-style-rounded\"><img loading=\"lazy\" decoding=\"async\" width=\"562\" height=\"236\" src=\"https:\/\/tourdumondeaumanege.com\/wp-content\/uploads\/2026\/01\/Charte-graphique-2026-9-1.png\" alt=\"\" class=\"wp-image-3556\" srcset=\"https:\/\/tourdumondeaumanege.com\/wp-content\/uploads\/2026\/01\/Charte-graphique-2026-9-1.png 562w, https:\/\/tourdumondeaumanege.com\/wp-content\/uploads\/2026\/01\/Charte-graphique-2026-9-1-300x126.png 300w, https:\/\/tourdumondeaumanege.com\/wp-content\/uploads\/2026\/01\/Charte-graphique-2026-9-1-18x8.png 18w\" sizes=\"auto, (max-width: 562px) 100vw, 562px\" \/><\/figure>\n<\/div><\/div>\n\n\n\n<div class=\"wp-block-uagb-separator uagb-block-086f41fa\"><div class=\"wp-block-uagb-separator__inner\" style=\"--my-background-image:\"><\/div><\/div>\n\n\n\n<div class=\"wp-block-uagb-advanced-heading uagb-block-529d8239\"><h2 class=\"uagb-heading-text\">Contactez nous !<\/h2><\/div>\n\n\n\n<p class=\"has-text-align-center has-ast-global-color-2-color has-text-color has-link-color wp-elements-4182837f8f18335fa09a552cff209341\"><br>Do you have any questions? Contact us, we will be happy to assist you.<\/p>\n\n\n\n<div class=\"wp-block-uagb-container uagb-block-ycpacjrd alignfull uagb-is-root-container\"><div class=\"uagb-container-inner-blocks-wrap\">\n<div class=\"wp-block-uagb-container uagb-block-gvwch9pk\">\n<div class=\"wp-block-uagb-container uagb-block-lw4douvl\">\n<div class=\"wp-block-uagb-info-box uagb-block-hk5yvelg uagb-infobox__content-wrap  uagb-infobox-icon-left uagb-infobox-left uagb-infobox-stacked-tablet uagb-infobox-image-valign-middle\"><div class=\"uagb-ifb-icon-wrap\"><div class=\"uagb-iconbox-icon-wrap uagb-infobox-shape-circle\"><svg xmlns=\"https:\/\/www.w3.org\/2000\/svg\" viewbox=\"0 0 512 512\"><path d=\"M511.2 387l-23.25 100.8c-3.266 14.25-15.79 24.22-30.46 24.22C205.2 512 0 306.8 0 54.5c0-14.66 9.969-27.2 24.22-30.45l100.8-23.25C139.7-2.602 154.7 5.018 160.8 18.92l46.52 108.5c5.438 12.78 1.77 27.67-8.98 36.45L144.5 207.1c33.98 69.22 90.26 125.5 159.5 159.5l44.08-53.8c8.688-10.78 23.69-14.51 36.47-8.975l108.5 46.51C506.1 357.2 514.6 372.4 511.2 387z\"><\/path><\/svg><\/div><\/div><div class=\"uagb-ifb-content\"><div class=\"uagb-ifb-title-wrap\"><h6 class=\"uagb-ifb-title\">Telephone<\/h6><\/div><p class=\"uagb-ifb-desc\"><em>Ju<\/em>liette BITTERLY<br><em>Project Manager<\/em><br>+33 7 83 79 99 65<\/p><\/div><\/div>\n<\/div>\n\n\n\n<div class=\"wp-block-uagb-container uagb-block-376cnf2m\">\n<div class=\"wp-block-uagb-info-box uagb-block-y5px1dsn uagb-infobox__content-wrap  uagb-infobox-icon-left uagb-infobox-left uagb-infobox-image-valign-middle\"><div class=\"uagb-ifb-icon-wrap\"><div class=\"uagb-iconbox-icon-wrap uagb-infobox-shape-circle\"><svg xmlns=\"https:\/\/www.w3.org\/2000\/svg\" viewbox=\"0 0 512 512\"><path d=\"M464 64C490.5 64 512 85.49 512 112C512 127.1 504.9 141.3 492.8 150.4L275.2 313.6C263.8 322.1 248.2 322.1 236.8 313.6L19.2 150.4C7.113 141.3 0 127.1 0 112C0 85.49 21.49 64 48 64H464zM217.6 339.2C240.4 356.3 271.6 356.3 294.4 339.2L512 176V384C512 419.3 483.3 448 448 448H64C28.65 448 0 419.3 0 384V176L217.6 339.2z\"><\/path><\/svg><\/div><\/div><div class=\"uagb-ifb-content\"><div class=\"uagb-ifb-title-wrap\"><h6 class=\"uagb-ifb-title\">E-mail<\/h6><\/div><p class=\"uagb-ifb-desc\"><a href=\"mailto:organisation.tourdumonde@gmail.com\" target=\"_blank\" rel=\"noreferrer noopener\">organisation.tourdumonde@gmail.com<\/a><\/p><\/div><\/div>\n<\/div>\n\n\n\n<div class=\"wp-block-uagb-container uagb-block-k8kseiwt\">\n<div class=\"wp-block-uagb-info-box uagb-block-4e7c37u3 uagb-infobox__content-wrap  uagb-infobox-icon-left uagb-infobox-left uagb-infobox-stacked-tablet uagb-infobox-image-valign-top\"><div class=\"uagb-ifb-icon-wrap\"><div class=\"uagb-iconbox-icon-wrap uagb-infobox-shape-circle\"><svg xmlns=\"https:\/\/www.w3.org\/2000\/svg\" viewbox=\"0 0 384 512\"><path d=\"M168.3 499.2C116.1 435 0 279.4 0 192C0 85.96 85.96 0 192 0C298 0 384 85.96 384 192C384 279.4 267 435 215.7 499.2C203.4 514.5 180.6 514.5 168.3 499.2H168.3zM192 256C227.3 256 256 227.3 256 192C256 156.7 227.3 128 192 128C156.7 128 128 156.7 128 192C128 227.3 156.7 256 192 256z\"><\/path><\/svg><\/div><\/div><div class=\"uagb-ifb-content\"><div class=\"uagb-ifb-title-wrap\"><h6 class=\"uagb-ifb-title\">Address<\/h6><\/div><p class=\"uagb-ifb-desc\">67 Rue Saint Fran\u00e7ois de Sales, <br>73000 Chamb\u00e9ry<\/p><\/div><\/div>\n<\/div>\n<\/div>\n<\/div><\/div>\n\n\n\n<div class=\"wp-block-uagb-separator uagb-block-ecd54728\"><div class=\"wp-block-uagb-separator__inner\" style=\"--my-background-image:\"><\/div><\/div>\n\n\n\n<p class=\"has-text-align-center has-ast-global-color-2-color has-text-color has-link-color wp-elements-4fcbc7c7e50bd606695a5852daaebfbe\"><a href=\"https:\/\/www.google.com\/maps\/place\/Pl.+des+\u00c9l\u00e9phants,+73000+Chamb\u00e9ry\/@45.566565,5.9202131,17z\/data=!3m1!4b1!4m6!3m5!1s0x478ba8f95c5efe47:0x16c837a44bea00a4!8m2!3d45.566565!4d5.922788!16s%2Fg%2F1tx1s2h1?entry=ttu&amp;g_ep=EgoyMDI1MTExMi4wIKXMDSoASAFQAw%3D%3D\" target=\"_blank\" rel=\"noreferrer noopener\"><strong>Voir l&rsquo;adresse de l&rsquo;\u00e9v\u00e9nement sur Google Maps<\/strong><\/a><\/p>\n\n\n\n<div class=\"wp-block-uagb-separator uagb-block-f2dac3d6\"><div class=\"wp-block-uagb-separator__inner\" style=\"--my-background-image:\"><\/div><\/div>\n\n\n\n<div class=\"wp-block-uagb-separator uagb-block-ad9366ff\"><div class=\"wp-block-uagb-separator__inner\" style=\"--my-background-image:\"><\/div><\/div>\n\n\n\n<div class=\"wp-block-uagb-advanced-heading uagb-block-641d7590\"><h2 class=\"uagb-heading-text\">Information importante<\/h2><\/div>\n\n\n\n<div class=\"wp-block-uagb-separator uagb-block-328758d0\"><div class=\"wp-block-uagb-separator__inner\" style=\"--my-background-image:\"><\/div><\/div>\n\n\n\n<div class=\"wp-block-group is-layout-constrained wp-block-group-is-layout-constrained\">\n<p class=\"has-ast-global-color-2-color has-text-color has-link-color wp-elements-7b7c47156e217e05d0c877a438b98356\">Dans le cadre du Tour du Monde, cet \u00e9v\u00e9nement s\u2019inscrit dans un projet scolaire anim\u00e9 par des \u00e9tudiants. Ainsi, entre juin et octobre, pendant la p\u00e9riode de passation avec la nouvelle \u00e9quipe, les d\u00e9lais de r\u00e9ponse \u00e0 vos messages risquent d\u2019\u00eatre plus longs. Cette transition offre le temps n\u00e9cessaire \u00e0 la prochaine \u00e9quipe pour se pr\u00e9parer et garantir la continuit\u00e9 de l\u2019\u00e9v\u00e9nement.<\/p>\n\n\n\n<p class=\"has-ast-global-color-2-color has-text-color has-link-color wp-elements-5974d4950f288c2622467b54fc07846d\" style=\"border-radius:0px\">Pour cette p\u00e9riode sp\u00e9cifique, nous vous conseillons de privil\u00e9gier les moyens de communication suivants :<\/p>\n\n\n\n<ul class=\"wp-block-list\">\n<li class=\"has-ast-global-color-2-color has-text-color has-link-color wp-elements-61a70fdcb0fe058a4ecb6b8ed163b4f6\"><strong>Courrier postal<\/strong> : L&rsquo;adresse mentionn\u00e9e reste valide et le courrier sera relev\u00e9 r\u00e9guli\u00e8rement. Ce canal est id\u00e9al pour transmettre des demandes importantes ou des documents officiels.<\/li>\n\n\n\n<li class=\"has-ast-global-color-2-color has-text-color has-link-color wp-elements-e485130aa500cde981d1568d4c30c692\"><strong>Appel t\u00e9l\u00e9phonique<\/strong> : Si votre demande est urgente, contactez directement la pr\u00e9sidente de l\u2019association. Son num\u00e9ro figure sur cette page, et elle pourra vous r\u00e9pondre rapidement.<\/li>\n\n\n\n<li class=\"has-ast-global-color-2-color has-text-color has-link-color wp-elements-0f1d308ae96837488f271cbf7012faf5\"><strong>Emails<\/strong> : Vous pouvez toujours nous \u00e9crire par mail, mais soyez conscient que leur consultation sera moins fr\u00e9quente pendant cette p\u00e9riode de transition.<\/li>\n<\/ul>\n\n\n\n<p class=\"has-ast-global-color-2-color has-text-color has-link-color wp-elements-987f66d0149cc68d4d17e976d3b59ca9\">Nous vous remercions pour votre compr\u00e9hension et votre soutien. Vos questions et votre engagement jouent un r\u00f4le crucial dans le succ\u00e8s du Tour du Monde. En cas de besoin, pensez \u00e0 utiliser le canal de communication qui correspond le mieux \u00e0 vos besoins. Gr\u00e2ce \u00e0 votre collaboration, l\u2019\u00e9v\u00e9nement continuera de rayonner \u00e0 Chamb\u00e9ry et au-del\u00e0.<\/p>\n<\/div>\n\n\n\n<p><\/p>","protected":false},"excerpt":{"rendered":"<p>Contactez nous ! Vous avez des questions ? Contactez-nous, nous serons ravis de vous aider. Voir l&rsquo;adresse de l&rsquo;\u00e9v\u00e9nement sur Google Maps Information importante Dans le cadre du Tour du Monde, cet \u00e9v\u00e9nement s\u2019inscrit dans un projet scolaire anim\u00e9 par des \u00e9tudiants. Ainsi, entre juin et octobre, pendant la p\u00e9riode de passation avec la nouvelle [&hellip;]<\/p>\n","protected":false},"author":1,"featured_media":2881,"parent":0,"menu_order":0,"comment_status":"closed","ping_status":"closed","template":"","meta":{"_uag_custom_page_level_css":"","site-sidebar-layout":"no-sidebar","site-content-layout":"page-builder","ast-site-content-layout":"full-width-container","site-content-style":"unboxed","site-sidebar-style":"unboxed","ast-global-header-display":"","ast-banner-title-visibility":"","ast-main-header-display":"","ast-hfb-above-header-display":"","ast-hfb-below-header-display":"","ast-hfb-mobile-header-display":"","site-post-title":"disabled","ast-breadcrumbs-content":"","ast-featured-img":"disabled","footer-sml-layout":"","ast-disable-related-posts":"","theme-transparent-header-meta":"enabled","adv-header-id-meta":"","stick-header-meta":"","header-above-stick-meta":"","header-main-stick-meta":"","header-below-stick-meta":"","astra-migrate-meta-layouts":"set","ast-page-background-enabled":"default","ast-page-background-meta":{"desktop":{"background-color":"","background-image":"","background-repeat":"repeat","background-position":"center center","background-size":"auto","background-attachment":"scroll","background-type":"","background-media":"","overlay-type":"","overlay-color":"","overlay-opacity":"","overlay-gradient":""},"tablet":{"background-color":"","background-image":"","background-repeat":"repeat","background-position":"center center","background-size":"auto","background-attachment":"scroll","background-type":"","background-media":"","overlay-type":"","overlay-color":"","overlay-opacity":"","overlay-gradient":""},"mobile":{"background-color":"","background-image":"","background-repeat":"repeat","background-position":"center center","background-size":"auto","background-attachment":"scroll","background-type":"","background-media":"","overlay-type":"","overlay-color":"","overlay-opacity":"","overlay-gradient":""}},"ast-content-background-meta":{"desktop":{"background-color":"var(--ast-global-color-5)","background-image":"","background-repeat":"repeat","background-position":"center center","background-size":"auto","background-attachment":"scroll","background-type":"","background-media":"","overlay-type":"","overlay-color":"","overlay-opacity":"","overlay-gradient":""},"tablet":{"background-color":"var(--ast-global-color-5)","background-image":"","background-repeat":"repeat","background-position":"center center","background-size":"auto","background-attachment":"scroll","background-type":"","background-media":"","overlay-type":"","overlay-color":"","overlay-opacity":"","overlay-gradient":""},"mobile":{"background-color":"var(--ast-global-color-5)","background-image":"","background-repeat":"repeat","background-position":"center center","background-size":"auto","background-attachment":"scroll","background-type":"","background-media":"","overlay-type":"","overlay-color":"","overlay-opacity":"","overlay-gradient":""}},"footnotes":""},"class_list":["post-364","page","type-page","status-publish","has-post-thumbnail","hentry"],"yoast_head":"<!-- This site is optimized with the Yoast SEO plugin v26.9 - https:\/\/yoast.com\/product\/yoast-seo-wordpress\/ -->\n<title>Contactez-nous Le Tour du monde \u00e0 Chamb\u00e9 \ud83c\udf0d<\/title>\n<meta name=\"description\" content=\"Contactez-nous pour toute question sur le Tour du Monde. Retrouvez nos informations de contact pour faciliter votre venue et localisation.\" \/>\n<meta name=\"robots\" content=\"index, follow, max-snippet:-1, max-image-preview:large, max-video-preview:-1\" \/>\n<link rel=\"canonical\" href=\"https:\/\/tourdumondeaumanege.com\/en\/contactez-nous\/\" \/>\n<meta property=\"og:locale\" content=\"en_US\" \/>\n<meta property=\"og:type\" content=\"article\" \/>\n<meta property=\"og:title\" content=\"Contactez-nous Le Tour du monde \u00e0 Chamb\u00e9 \ud83c\udf0d\" \/>\n<meta property=\"og:description\" content=\"Contactez-nous pour toute question sur le Tour du Monde. Retrouvez nos informations de contact pour faciliter votre venue et localisation.\" \/>\n<meta property=\"og:url\" content=\"https:\/\/tourdumondeaumanege.com\/en\/contactez-nous\/\" \/>\n<meta property=\"og:site_name\" content=\"Le Tour du monde \u00e0 Chamb\u00e9 \ud83c\udf0d\" \/>\n<meta property=\"article:publisher\" content=\"https:\/\/www.facebook.com\/tourdumonde.manege\" \/>\n<meta property=\"article:modified_time\" content=\"2026-01-31T14:37:48+00:00\" \/>\n<meta property=\"og:image\" content=\"https:\/\/tourdumondeaumanege.com\/wp-content\/uploads\/2024\/12\/Copie-de-Italie-1.png\" \/>\n\t<meta property=\"og:image:width\" content=\"1000\" \/>\n\t<meta property=\"og:image:height\" content=\"1000\" \/>\n\t<meta property=\"og:image:type\" content=\"image\/png\" \/>\n<meta name=\"twitter:card\" content=\"summary_large_image\" \/>\n<meta name=\"twitter:label1\" content=\"Est. reading time\" \/>\n\t<meta name=\"twitter:data1\" content=\"2 minutes\" \/>\n<script type=\"application\/ld+json\" class=\"yoast-schema-graph\">{\"@context\":\"https:\/\/schema.org\",\"@graph\":[{\"@type\":\"WebPage\",\"@id\":\"https:\/\/tourdumondeaumanege.com\/contactez-nous\/\",\"url\":\"https:\/\/tourdumondeaumanege.com\/contactez-nous\/\",\"name\":\"Contactez-nous Le Tour du monde \u00e0 Chamb\u00e9 \ud83c\udf0d\",\"isPartOf\":{\"@id\":\"https:\/\/tourdumondeaumanege.com\/#website\"},\"primaryImageOfPage\":{\"@id\":\"https:\/\/tourdumondeaumanege.com\/contactez-nous\/#primaryimage\"},\"image\":{\"@id\":\"https:\/\/tourdumondeaumanege.com\/contactez-nous\/#primaryimage\"},\"thumbnailUrl\":\"https:\/\/tourdumondeaumanege.com\/wp-content\/uploads\/2024\/12\/Copie-de-Italie-1.png\",\"datePublished\":\"2022-05-04T07:26:02+00:00\",\"dateModified\":\"2026-01-31T14:37:48+00:00\",\"description\":\"Contactez-nous pour toute question sur le Tour du Monde. Retrouvez nos informations de contact pour faciliter votre venue et localisation.\",\"breadcrumb\":{\"@id\":\"https:\/\/tourdumondeaumanege.com\/contactez-nous\/#breadcrumb\"},\"inLanguage\":\"en-US\",\"potentialAction\":[{\"@type\":\"ReadAction\",\"target\":[\"https:\/\/tourdumondeaumanege.com\/contactez-nous\/\"]}]},{\"@type\":\"ImageObject\",\"inLanguage\":\"en-US\",\"@id\":\"https:\/\/tourdumondeaumanege.com\/contactez-nous\/#primaryimage\",\"url\":\"https:\/\/tourdumondeaumanege.com\/wp-content\/uploads\/2024\/12\/Copie-de-Italie-1.png\",\"contentUrl\":\"https:\/\/tourdumondeaumanege.com\/wp-content\/uploads\/2024\/12\/Copie-de-Italie-1.png\",\"width\":1000,\"height\":1000},{\"@type\":\"BreadcrumbList\",\"@id\":\"https:\/\/tourdumondeaumanege.com\/contactez-nous\/#breadcrumb\",\"itemListElement\":[{\"@type\":\"ListItem\",\"position\":1,\"name\":\"Home\",\"item\":\"https:\/\/tourdumondeaumanege.com\/\"},{\"@type\":\"ListItem\",\"position\":2,\"name\":\"Contactez-nous\"}]},{\"@type\":\"WebSite\",\"@id\":\"https:\/\/tourdumondeaumanege.com\/#website\",\"url\":\"https:\/\/tourdumondeaumanege.com\/\",\"name\":\"Le Tour du monde\",\"description\":\"\",\"publisher\":{\"@id\":\"https:\/\/tourdumondeaumanege.com\/#organization\"},\"alternateName\":\"Tour du monde Chamb\u00e9ry\",\"potentialAction\":[{\"@type\":\"SearchAction\",\"target\":{\"@type\":\"EntryPoint\",\"urlTemplate\":\"https:\/\/tourdumondeaumanege.com\/?s={search_term_string}\"},\"query-input\":{\"@type\":\"PropertyValueSpecification\",\"valueRequired\":true,\"valueName\":\"search_term_string\"}}],\"inLanguage\":\"en-US\"},{\"@type\":\"Organization\",\"@id\":\"https:\/\/tourdumondeaumanege.com\/#organization\",\"name\":\"Tour du monde\",\"alternateName\":\"Tour du monde Chamb\u00e9ry\",\"url\":\"https:\/\/tourdumondeaumanege.com\/\",\"logo\":{\"@type\":\"ImageObject\",\"inLanguage\":\"en-US\",\"@id\":\"https:\/\/tourdumondeaumanege.com\/#\/schema\/logo\/image\/\",\"url\":\"https:\/\/tourdumondeaumanege.com\/wp-content\/uploads\/2026\/02\/cropped-LOGO-TDM-SANS-FOND-scaled-1.png\",\"contentUrl\":\"https:\/\/tourdumondeaumanege.com\/wp-content\/uploads\/2026\/02\/cropped-LOGO-TDM-SANS-FOND-scaled-1.png\",\"width\":2556,\"height\":2521,\"caption\":\"Tour du monde\"},\"image\":{\"@id\":\"https:\/\/tourdumondeaumanege.com\/#\/schema\/logo\/image\/\"},\"sameAs\":[\"https:\/\/www.facebook.com\/tourdumonde.manege\",\"https:\/\/www.instagram.com\/tourdumonde.aumanege\/\",\"https:\/\/www.tiktok.com\/@tourdumondeaumanege?_t=8jFYfLFztZZ&_r=1\",\"https:\/\/www.linkedin.com\/company\/tour-du-monde-au-mange\",\"https:\/\/www.youtube.com\/@tourdumondeaumanege4869\"]}]}<\/script>\n<!-- \/ Yoast SEO plugin. -->","yoast_head_json":{"title":"Contactez-nous Le Tour du monde \u00e0 Chamb\u00e9 \ud83c\udf0d","description":"Contactez-nous pour toute question sur le Tour du Monde. Retrouvez nos informations de contact pour faciliter votre venue et localisation.","robots":{"index":"index","follow":"follow","max-snippet":"max-snippet:-1","max-image-preview":"max-image-preview:large","max-video-preview":"max-video-preview:-1"},"canonical":"https:\/\/tourdumondeaumanege.com\/en\/contactez-nous\/","og_locale":"en_US","og_type":"article","og_title":"Contactez-nous Le Tour du monde \u00e0 Chamb\u00e9 \ud83c\udf0d","og_description":"Contactez-nous pour toute question sur le Tour du Monde. Retrouvez nos informations de contact pour faciliter votre venue et localisation.","og_url":"https:\/\/tourdumondeaumanege.com\/en\/contactez-nous\/","og_site_name":"Le Tour du monde \u00e0 Chamb\u00e9 \ud83c\udf0d","article_publisher":"https:\/\/www.facebook.com\/tourdumonde.manege","article_modified_time":"2026-01-31T14:37:48+00:00","og_image":[{"width":1000,"height":1000,"url":"https:\/\/tourdumondeaumanege.com\/wp-content\/uploads\/2024\/12\/Copie-de-Italie-1.png","type":"image\/png"}],"twitter_card":"summary_large_image","twitter_misc":{"Est. reading time":"2 minutes"},"schema":{"@context":"https:\/\/schema.org","@graph":[{"@type":"WebPage","@id":"https:\/\/tourdumondeaumanege.com\/contactez-nous\/","url":"https:\/\/tourdumondeaumanege.com\/contactez-nous\/","name":"Contactez-nous Le Tour du monde \u00e0 Chamb\u00e9 \ud83c\udf0d","isPartOf":{"@id":"https:\/\/tourdumondeaumanege.com\/#website"},"primaryImageOfPage":{"@id":"https:\/\/tourdumondeaumanege.com\/contactez-nous\/#primaryimage"},"image":{"@id":"https:\/\/tourdumondeaumanege.com\/contactez-nous\/#primaryimage"},"thumbnailUrl":"https:\/\/tourdumondeaumanege.com\/wp-content\/uploads\/2024\/12\/Copie-de-Italie-1.png","datePublished":"2022-05-04T07:26:02+00:00","dateModified":"2026-01-31T14:37:48+00:00","description":"Contactez-nous pour toute question sur le Tour du Monde. Retrouvez nos informations de contact pour faciliter votre venue et localisation.","breadcrumb":{"@id":"https:\/\/tourdumondeaumanege.com\/contactez-nous\/#breadcrumb"},"inLanguage":"en-US","potentialAction":[{"@type":"ReadAction","target":["https:\/\/tourdumondeaumanege.com\/contactez-nous\/"]}]},{"@type":"ImageObject","inLanguage":"en-US","@id":"https:\/\/tourdumondeaumanege.com\/contactez-nous\/#primaryimage","url":"https:\/\/tourdumondeaumanege.com\/wp-content\/uploads\/2024\/12\/Copie-de-Italie-1.png","contentUrl":"https:\/\/tourdumondeaumanege.com\/wp-content\/uploads\/2024\/12\/Copie-de-Italie-1.png","width":1000,"height":1000},{"@type":"BreadcrumbList","@id":"https:\/\/tourdumondeaumanege.com\/contactez-nous\/#breadcrumb","itemListElement":[{"@type":"ListItem","position":1,"name":"Home","item":"https:\/\/tourdumondeaumanege.com\/"},{"@type":"ListItem","position":2,"name":"Contactez-nous"}]},{"@type":"WebSite","@id":"https:\/\/tourdumondeaumanege.com\/#website","url":"https:\/\/tourdumondeaumanege.com\/","name":"Le Tour du monde","description":"","publisher":{"@id":"https:\/\/tourdumondeaumanege.com\/#organization"},"alternateName":"Tour du monde Chamb\u00e9ry","potentialAction":[{"@type":"SearchAction","target":{"@type":"EntryPoint","urlTemplate":"https:\/\/tourdumondeaumanege.com\/?s={search_term_string}"},"query-input":{"@type":"PropertyValueSpecification","valueRequired":true,"valueName":"search_term_string"}}],"inLanguage":"en-US"},{"@type":"Organization","@id":"https:\/\/tourdumondeaumanege.com\/#organization","name":"Tour du monde","alternateName":"Tour du monde Chamb\u00e9ry","url":"https:\/\/tourdumondeaumanege.com\/","logo":{"@type":"ImageObject","inLanguage":"en-US","@id":"https:\/\/tourdumondeaumanege.com\/#\/schema\/logo\/image\/","url":"https:\/\/tourdumondeaumanege.com\/wp-content\/uploads\/2026\/02\/cropped-LOGO-TDM-SANS-FOND-scaled-1.png","contentUrl":"https:\/\/tourdumondeaumanege.com\/wp-content\/uploads\/2026\/02\/cropped-LOGO-TDM-SANS-FOND-scaled-1.png","width":2556,"height":2521,"caption":"Tour du monde"},"image":{"@id":"https:\/\/tourdumondeaumanege.com\/#\/schema\/logo\/image\/"},"sameAs":["https:\/\/www.facebook.com\/tourdumonde.manege","https:\/\/www.instagram.com\/tourdumonde.aumanege\/","https:\/\/www.tiktok.com\/@tourdumondeaumanege?_t=8jFYfLFztZZ&_r=1","https:\/\/www.linkedin.com\/company\/tour-du-monde-au-mange","https:\/\/www.youtube.com\/@tourdumondeaumanege4869"]}]}},"uagb_featured_image_src":{"full":["https:\/\/tourdumondeaumanege.com\/wp-content\/uploads\/2024\/12\/Copie-de-Italie-1.png",1000,1000,false],"thumbnail":["https:\/\/tourdumondeaumanege.com\/wp-content\/uploads\/2024\/12\/Copie-de-Italie-1-150x150.png",150,150,true],"medium":["https:\/\/tourdumondeaumanege.com\/wp-content\/uploads\/2024\/12\/Copie-de-Italie-1-300x300.png",300,300,true],"medium_large":["https:\/\/tourdumondeaumanege.com\/wp-content\/uploads\/2024\/12\/Copie-de-Italie-1-768x768.png",768,768,true],"large":["https:\/\/tourdumondeaumanege.com\/wp-content\/uploads\/2024\/12\/Copie-de-Italie-1.png",1000,1000,false],"1536x1536":["https:\/\/tourdumondeaumanege.com\/wp-content\/uploads\/2024\/12\/Copie-de-Italie-1.png",1000,1000,false],"2048x2048":["https:\/\/tourdumondeaumanege.com\/wp-content\/uploads\/2024\/12\/Copie-de-Italie-1.png",1000,1000,false],"trp-custom-language-flag":["https:\/\/tourdumondeaumanege.com\/wp-content\/uploads\/2024\/12\/Copie-de-Italie-1-12x12.png",12,12,true]},"uagb_author_info":{"display_name":"letourdumonde","author_link":"https:\/\/tourdumondeaumanege.com\/en\/author\/letourdumonde\/"},"uagb_comment_info":0,"uagb_excerpt":"Contactez nous ! Vous avez des questions ? Contactez-nous, nous serons ravis de vous aider. Voir l&rsquo;adresse de l&rsquo;\u00e9v\u00e9nement sur Google Maps Information importante Dans le cadre du Tour du Monde, cet \u00e9v\u00e9nement s\u2019inscrit dans un projet scolaire anim\u00e9 par des \u00e9tudiants. Ainsi, entre juin et octobre, pendant la p\u00e9riode de passation avec la nouvelle&hellip;","_links":{"self":[{"href":"https:\/\/tourdumondeaumanege.com\/en\/wp-json\/wp\/v2\/pages\/364","targetHints":{"allow":["GET"]}}],"collection":[{"href":"https:\/\/tourdumondeaumanege.com\/en\/wp-json\/wp\/v2\/pages"}],"about":[{"href":"https:\/\/tourdumondeaumanege.com\/en\/wp-json\/wp\/v2\/types\/page"}],"author":[{"embeddable":true,"href":"https:\/\/tourdumondeaumanege.com\/en\/wp-json\/wp\/v2\/users\/1"}],"replies":[{"embeddable":true,"href":"https:\/\/tourdumondeaumanege.com\/en\/wp-json\/wp\/v2\/comments?post=364"}],"version-history":[{"count":81,"href":"https:\/\/tourdumondeaumanege.com\/en\/wp-json\/wp\/v2\/pages\/364\/revisions"}],"predecessor-version":[{"id":3557,"href":"https:\/\/tourdumondeaumanege.com\/en\/wp-json\/wp\/v2\/pages\/364\/revisions\/3557"}],"wp:featuredmedia":[{"embeddable":true,"href":"https:\/\/tourdumondeaumanege.com\/en\/wp-json\/wp\/v2\/media\/2881"}],"wp:attachment":[{"href":"https:\/\/tourdumondeaumanege.com\/en\/wp-json\/wp\/v2\/media?parent=364"}],"curies":[{"name":"wp","href":"https:\/\/api.w.org\/{rel}","templated":true}]}}