{"id":359,"date":"2022-05-04T07:21:47","date_gmt":"2022-05-04T07:21:47","guid":{"rendered":"http:\/\/localhost\/Tourdumonde\/programs\/"},"modified":"2026-03-12T10:37:01","modified_gmt":"2026-03-12T10:37:01","slug":"programme-3","status":"publish","type":"page","link":"https:\/\/tourdumondeaumanege.com\/en\/programme-3\/","title":{"rendered":"Program"},"content":{"rendered":"<section class=\"wp-block-uagb-section uagb-section__wrap uagb-section__background-none uagb-block-368d6bd2\"><div class=\"uagb-section__overlay\"><\/div><div class=\"uagb-section__inner-wrap\"><\/div><\/section>\n\n\n\n<section class=\"wp-block-uagb-section uagb-section__wrap uagb-section__background-none uagb-block-12e9e97d\"><div class=\"uagb-section__overlay\"><\/div><div class=\"uagb-section__inner-wrap\"><\/div><\/section>\n\n\n\n<section class=\"wp-block-uagb-section uagb-section__wrap uagb-section__background-none uagb-block-a1b58722\"><div class=\"uagb-section__overlay\"><\/div><div class=\"uagb-section__inner-wrap\"><\/div><\/section>\n\n\n\n<div class=\"wp-block-uagb-image uagb-block-943860fa wp-block-uagb-image--layout-default wp-block-uagb-image--effect-static wp-block-uagb-image--align-none\"><figure class=\"wp-block-uagb-image__figure\"><img decoding=\"async\" srcset=\"https:\/\/tourdumondeaumanege.com\/wp-content\/uploads\/2026\/03\/bandeau-web-2-1024x410.jpg ,https:\/\/tourdumondeaumanege.com\/wp-content\/uploads\/2026\/03\/bandeau-web-2.jpg 780w, https:\/\/tourdumondeaumanege.com\/wp-content\/uploads\/2026\/03\/bandeau-web-2.jpg 360w\" sizes=\"auto, (max-width: 480px) 150px\" src=\"https:\/\/tourdumondeaumanege.com\/wp-content\/uploads\/2026\/03\/bandeau-web-2-1024x410.jpg\" alt=\"\" class=\"uag-image-3651\" width=\"1024\" height=\"390\" title=\"bandeau-web-2\" loading=\"lazy\" role=\"img\"\/><\/figure><\/div>\n\n\n\n<div id=\"programme\" class=\"wp-block-group has-ast-global-color-5-background-color has-background is-layout-constrained wp-block-group-is-layout-constrained\">\n<div class=\"wp-block-uagb-advanced-heading uagb-block-9b2f34e0\"><h1 class=\"uagb-heading-text\">Program<\/h1><\/div>\n\n\n\n<p class=\"has-text-align-center has-ast-global-color-5-background-color has-text-color has-background has-link-color has-medium-font-size wp-elements-7f52566d478c51bedc4cf8ce8a9b7de7\" style=\"color:#d21034;line-height:2\"><strong>Retrouvez le programme de l&rsquo;\u00e9dition 2026 !!<\/strong><\/p>\n\n\n\n<hr class=\"wp-block-separator has-alpha-channel-opacity\"\/>\n\n\n\n<p><\/p>\n\n\n\n<figure class=\"wp-block-gallery has-nested-images columns-default is-cropped wp-block-gallery-1 is-layout-flex wp-block-gallery-is-layout-flex\">\n<figure class=\"wp-block-image size-large\"><img loading=\"lazy\" decoding=\"async\" width=\"724\" height=\"1024\" data-id=\"3667\" src=\"https:\/\/tourdumondeaumanege.com\/wp-content\/uploads\/2026\/03\/TDM_26_programme-7_page-0002-2-724x1024.jpg\" alt=\"\" class=\"wp-image-3667\" srcset=\"https:\/\/tourdumondeaumanege.com\/wp-content\/uploads\/2026\/03\/TDM_26_programme-7_page-0002-2-724x1024.jpg 724w, https:\/\/tourdumondeaumanege.com\/wp-content\/uploads\/2026\/03\/TDM_26_programme-7_page-0002-2-212x300.jpg 212w, https:\/\/tourdumondeaumanege.com\/wp-content\/uploads\/2026\/03\/TDM_26_programme-7_page-0002-2-768x1086.jpg 768w, https:\/\/tourdumondeaumanege.com\/wp-content\/uploads\/2026\/03\/TDM_26_programme-7_page-0002-2-8x12.jpg 8w, https:\/\/tourdumondeaumanege.com\/wp-content\/uploads\/2026\/03\/TDM_26_programme-7_page-0002-2.jpg 880w\" sizes=\"auto, (max-width: 724px) 100vw, 724px\" \/><\/figure>\n\n\n\n<figure class=\"wp-block-image size-large\"><img loading=\"lazy\" decoding=\"async\" width=\"724\" height=\"1024\" data-id=\"3668\" src=\"https:\/\/tourdumondeaumanege.com\/wp-content\/uploads\/2026\/03\/TDM_26_programme-7_page-0003-2-724x1024.jpg\" alt=\"\" class=\"wp-image-3668\" srcset=\"https:\/\/tourdumondeaumanege.com\/wp-content\/uploads\/2026\/03\/TDM_26_programme-7_page-0003-2-724x1024.jpg 724w, https:\/\/tourdumondeaumanege.com\/wp-content\/uploads\/2026\/03\/TDM_26_programme-7_page-0003-2-212x300.jpg 212w, https:\/\/tourdumondeaumanege.com\/wp-content\/uploads\/2026\/03\/TDM_26_programme-7_page-0003-2-768x1086.jpg 768w, https:\/\/tourdumondeaumanege.com\/wp-content\/uploads\/2026\/03\/TDM_26_programme-7_page-0003-2-8x12.jpg 8w, https:\/\/tourdumondeaumanege.com\/wp-content\/uploads\/2026\/03\/TDM_26_programme-7_page-0003-2.jpg 880w\" sizes=\"auto, (max-width: 724px) 100vw, 724px\" \/><\/figure>\n\n\n\n<figure class=\"wp-block-image size-large\"><img loading=\"lazy\" decoding=\"async\" width=\"724\" height=\"1024\" data-id=\"3669\" src=\"https:\/\/tourdumondeaumanege.com\/wp-content\/uploads\/2026\/03\/TDM_26_programme-7_page-0004-1-724x1024.jpg\" alt=\"\" class=\"wp-image-3669\" srcset=\"https:\/\/tourdumondeaumanege.com\/wp-content\/uploads\/2026\/03\/TDM_26_programme-7_page-0004-1-724x1024.jpg 724w, https:\/\/tourdumondeaumanege.com\/wp-content\/uploads\/2026\/03\/TDM_26_programme-7_page-0004-1-212x300.jpg 212w, https:\/\/tourdumondeaumanege.com\/wp-content\/uploads\/2026\/03\/TDM_26_programme-7_page-0004-1-768x1086.jpg 768w, https:\/\/tourdumondeaumanege.com\/wp-content\/uploads\/2026\/03\/TDM_26_programme-7_page-0004-1-8x12.jpg 8w, https:\/\/tourdumondeaumanege.com\/wp-content\/uploads\/2026\/03\/TDM_26_programme-7_page-0004-1.jpg 880w\" sizes=\"auto, (max-width: 724px) 100vw, 724px\" \/><\/figure>\n<\/figure>\n<\/div>\n\n\n\n<div class=\"wp-block-uagb-separator uagb-block-319cd85f\"><div class=\"wp-block-uagb-separator__inner\" style=\"--my-background-image:\"><\/div><\/div>\n\n\n\n<div class=\"wp-block-uagb-container uagb-block-fdb90efa alignfull uagb-is-root-container\"><div class=\"uagb-container-inner-blocks-wrap\">\n<div class=\"wp-block-uagb-advanced-heading uagb-block-23e27bf9\"><h2 class=\"uagb-heading-text\">le programme du Tour du Monde \u00e0 Chamb\u00e9 <\/h2><\/div>\n\n\n\n<p class=\"has-ast-global-color-2-color has-text-color has-link-color wp-elements-1d20ff000cabf73430a04287052ab4bf\"><\/p>\n\n\n\n<p class=\"has-ast-global-color-2-color has-text-color has-link-color wp-elements-1d20ff000cabf73430a04287052ab4bf\"><\/p>\n\n\n\n<p class=\"has-ast-global-color-2-color has-text-color has-link-color wp-elements-4c58a96387870265c78b7c20aae441d7\">Le samedi matin, rejoignez-nous au centre-ville de Chamb\u00e9ry pour la grande parade. Les \u00e9tudiants d\u00e9fileront fi\u00e8rement avec les drapeaux de leurs pays, accompagn\u00e9s d\u2019une fanfare pour animer les rues avec une \u00e9nergie festive.<\/p>\n\n\n\n<p class=\"has-ast-global-color-2-color has-text-color has-link-color wp-elements-9f7043a86bfcf84e7d3a9e98ca3eb5c3\">Tout au long de la journ\u00e9e, retrouvez animations, stands d&rsquo;\u00e9tudiants, d\u00e9gustations !<\/p>\n\n\n\n<p class=\"has-ast-global-color-2-color has-text-color has-link-color wp-elements-2448ae59cab22d266c7130ad7704a020\">Ne manquez pas notre grande tombola avec plus de 20 lots offerts par nos partenaires. <\/p>\n\n\n\n<p class=\"has-ast-global-color-2-color has-text-color has-link-color wp-elements-74a625ce60f143cf30d4fb17227ba8ca\">We can't wait to see you for this unforgettable edition. Reserve your weekend and join us for a unique journey around the globe!<\/p>\n\n\n\n<hr class=\"wp-block-separator has-alpha-channel-opacity\"\/>\n\n\n\n<div class=\"wp-block-uagb-advanced-heading uagb-block-cc1e60d6\"><h4 class=\"uagb-heading-text\">En attendant, revivez l&rsquo;exp\u00e9rience de l&rsquo;ann\u00e9e derni\u00e8re<\/h4><\/div>\n\n\n\n<figure class=\"wp-block-embed is-type-video is-provider-youtube wp-block-embed-youtube wp-embed-aspect-16-9 wp-has-aspect-ratio\" style=\"margin-top:var(--wp--preset--spacing--80);margin-right:0;margin-bottom:var(--wp--preset--spacing--80);margin-left:0\"><div class=\"wp-block-embed__wrapper\">\n<iframe loading=\"lazy\" title=\"Aftermovie Tour du Monde au Stadium 2025 - Italie\" width=\"500\" height=\"281\" src=\"https:\/\/www.youtube.com\/embed\/QHgQJKS7NG0?feature=oembed\" frameborder=\"0\" allow=\"accelerometer; autoplay; clipboard-write; encrypted-media; gyroscope; picture-in-picture; web-share\" referrerpolicy=\"strict-origin-when-cross-origin\" allowfullscreen><\/iframe>\n<\/div><\/figure>\n<\/div><\/div>\n\n\n\n<p><\/p>","protected":false},"excerpt":{"rendered":"<p>Programme Retrouvez le programme de l&rsquo;\u00e9dition 2026 !! le programme du Tour du Monde \u00e0 Chamb\u00e9 Le samedi matin, rejoignez-nous au centre-ville de Chamb\u00e9ry pour la grande parade. Les \u00e9tudiants d\u00e9fileront fi\u00e8rement avec les drapeaux de leurs pays, accompagn\u00e9s d\u2019une fanfare pour animer les rues avec une \u00e9nergie festive. Tout au long de la journ\u00e9e, [&hellip;]<\/p>\n","protected":false},"author":1,"featured_media":3651,"parent":0,"menu_order":0,"comment_status":"closed","ping_status":"closed","template":"","meta":{"_uag_custom_page_level_css":"","site-sidebar-layout":"no-sidebar","site-content-layout":"page-builder","ast-site-content-layout":"full-width-container","site-content-style":"unboxed","site-sidebar-style":"unboxed","ast-global-header-display":"","ast-banner-title-visibility":"","ast-main-header-display":"","ast-hfb-above-header-display":"","ast-hfb-below-header-display":"","ast-hfb-mobile-header-display":"","site-post-title":"disabled","ast-breadcrumbs-content":"","ast-featured-img":"disabled","footer-sml-layout":"","ast-disable-related-posts":"","theme-transparent-header-meta":"enabled","adv-header-id-meta":"","stick-header-meta":"","header-above-stick-meta":"","header-main-stick-meta":"","header-below-stick-meta":"","astra-migrate-meta-layouts":"set","ast-page-background-enabled":"default","ast-page-background-meta":{"desktop":{"background-color":"","background-image":"","background-repeat":"repeat","background-position":"center center","background-size":"auto","background-attachment":"scroll","background-type":"","background-media":"","overlay-type":"","overlay-color":"","overlay-opacity":"","overlay-gradient":""},"tablet":{"background-color":"","background-image":"","background-repeat":"repeat","background-position":"center center","background-size":"auto","background-attachment":"scroll","background-type":"","background-media":"","overlay-type":"","overlay-color":"","overlay-opacity":"","overlay-gradient":""},"mobile":{"background-color":"","background-image":"","background-repeat":"repeat","background-position":"center center","background-size":"auto","background-attachment":"scroll","background-type":"","background-media":"","overlay-type":"","overlay-color":"","overlay-opacity":"","overlay-gradient":""}},"ast-content-background-meta":{"desktop":{"background-color":"var(--ast-global-color-5)","background-image":"","background-repeat":"repeat","background-position":"center center","background-size":"auto","background-attachment":"scroll","background-type":"","background-media":"","overlay-type":"","overlay-color":"","overlay-opacity":"","overlay-gradient":""},"tablet":{"background-color":"var(--ast-global-color-5)","background-image":"","background-repeat":"repeat","background-position":"center center","background-size":"auto","background-attachment":"scroll","background-type":"","background-media":"","overlay-type":"","overlay-color":"","overlay-opacity":"","overlay-gradient":""},"mobile":{"background-color":"var(--ast-global-color-5)","background-image":"","background-repeat":"repeat","background-position":"center center","background-size":"auto","background-attachment":"scroll","background-type":"","background-media":"","overlay-type":"","overlay-color":"","overlay-opacity":"","overlay-gradient":""}},"footnotes":""},"class_list":["post-359","page","type-page","status-publish","has-post-thumbnail","hentry"],"yoast_head":"<!-- This site is optimized with the Yoast SEO plugin v26.9 - https:\/\/yoast.com\/product\/yoast-seo-wordpress\/ -->\n<title>Programme Le Tour du monde \u00e0 Chamb\u00e9 \ud83c\udf0d<\/title>\n<meta name=\"description\" content=\"D\u00e9couvrez le programme du Tour du Monde \u00e0 Chamb\u00e9 2026 : animations, parades et festivit\u00e9s pour une \u00e9dition mettant en avant la culture alg\u00e9rienne.\" \/>\n<meta name=\"robots\" content=\"index, follow, max-snippet:-1, max-image-preview:large, max-video-preview:-1\" \/>\n<link rel=\"canonical\" href=\"https:\/\/tourdumondeaumanege.com\/en\/programme-3\/\" \/>\n<meta property=\"og:locale\" content=\"en_US\" \/>\n<meta property=\"og:type\" content=\"article\" \/>\n<meta property=\"og:title\" content=\"Programme Le Tour du monde \u00e0 Chamb\u00e9 \ud83c\udf0d\" \/>\n<meta property=\"og:description\" content=\"D\u00e9couvrez le programme du Tour du Monde \u00e0 Chamb\u00e9 2026 : animations, parades et festivit\u00e9s pour une \u00e9dition mettant en avant la culture alg\u00e9rienne.\" \/>\n<meta property=\"og:url\" content=\"https:\/\/tourdumondeaumanege.com\/en\/programme-3\/\" \/>\n<meta property=\"og:site_name\" content=\"Le Tour du monde \u00e0 Chamb\u00e9 \ud83c\udf0d\" \/>\n<meta property=\"article:publisher\" content=\"https:\/\/www.facebook.com\/tourdumonde.manege\" \/>\n<meta property=\"article:modified_time\" content=\"2026-03-12T10:37:01+00:00\" \/>\n<meta property=\"og:image\" content=\"https:\/\/tourdumondeaumanege.com\/wp-content\/uploads\/2026\/03\/bandeau-web-2.jpg\" \/>\n\t<meta property=\"og:image:width\" content=\"1500\" \/>\n\t<meta property=\"og:image:height\" content=\"600\" \/>\n\t<meta property=\"og:image:type\" content=\"image\/jpeg\" \/>\n<meta name=\"twitter:card\" content=\"summary_large_image\" \/>\n<meta name=\"twitter:label1\" content=\"Est. reading time\" \/>\n\t<meta name=\"twitter:data1\" content=\"2 minutes\" \/>\n<script type=\"application\/ld+json\" class=\"yoast-schema-graph\">{\"@context\":\"https:\/\/schema.org\",\"@graph\":[{\"@type\":\"WebPage\",\"@id\":\"https:\/\/tourdumondeaumanege.com\/programme-3\/\",\"url\":\"https:\/\/tourdumondeaumanege.com\/programme-3\/\",\"name\":\"Programme Le Tour du monde \u00e0 Chamb\u00e9 \ud83c\udf0d\",\"isPartOf\":{\"@id\":\"https:\/\/tourdumondeaumanege.com\/#website\"},\"primaryImageOfPage\":{\"@id\":\"https:\/\/tourdumondeaumanege.com\/programme-3\/#primaryimage\"},\"image\":{\"@id\":\"https:\/\/tourdumondeaumanege.com\/programme-3\/#primaryimage\"},\"thumbnailUrl\":\"https:\/\/tourdumondeaumanege.com\/wp-content\/uploads\/2026\/03\/bandeau-web-2.jpg\",\"datePublished\":\"2022-05-04T07:21:47+00:00\",\"dateModified\":\"2026-03-12T10:37:01+00:00\",\"description\":\"D\u00e9couvrez le programme du Tour du Monde \u00e0 Chamb\u00e9 2026 : animations, parades et festivit\u00e9s pour une \u00e9dition mettant en avant la culture alg\u00e9rienne.\",\"breadcrumb\":{\"@id\":\"https:\/\/tourdumondeaumanege.com\/programme-3\/#breadcrumb\"},\"inLanguage\":\"en-US\",\"potentialAction\":[{\"@type\":\"ReadAction\",\"target\":[\"https:\/\/tourdumondeaumanege.com\/programme-3\/\"]}]},{\"@type\":\"ImageObject\",\"inLanguage\":\"en-US\",\"@id\":\"https:\/\/tourdumondeaumanege.com\/programme-3\/#primaryimage\",\"url\":\"https:\/\/tourdumondeaumanege.com\/wp-content\/uploads\/2026\/03\/bandeau-web-2.jpg\",\"contentUrl\":\"https:\/\/tourdumondeaumanege.com\/wp-content\/uploads\/2026\/03\/bandeau-web-2.jpg\",\"width\":1500,\"height\":600},{\"@type\":\"BreadcrumbList\",\"@id\":\"https:\/\/tourdumondeaumanege.com\/programme-3\/#breadcrumb\",\"itemListElement\":[{\"@type\":\"ListItem\",\"position\":1,\"name\":\"Home\",\"item\":\"https:\/\/tourdumondeaumanege.com\/\"},{\"@type\":\"ListItem\",\"position\":2,\"name\":\"programme tour du monde\"}]},{\"@type\":\"WebSite\",\"@id\":\"https:\/\/tourdumondeaumanege.com\/#website\",\"url\":\"https:\/\/tourdumondeaumanege.com\/\",\"name\":\"Le Tour du monde\",\"description\":\"\",\"publisher\":{\"@id\":\"https:\/\/tourdumondeaumanege.com\/#organization\"},\"alternateName\":\"Tour du monde Chamb\u00e9ry\",\"potentialAction\":[{\"@type\":\"SearchAction\",\"target\":{\"@type\":\"EntryPoint\",\"urlTemplate\":\"https:\/\/tourdumondeaumanege.com\/?s={search_term_string}\"},\"query-input\":{\"@type\":\"PropertyValueSpecification\",\"valueRequired\":true,\"valueName\":\"search_term_string\"}}],\"inLanguage\":\"en-US\"},{\"@type\":\"Organization\",\"@id\":\"https:\/\/tourdumondeaumanege.com\/#organization\",\"name\":\"Tour du monde\",\"alternateName\":\"Tour du monde Chamb\u00e9ry\",\"url\":\"https:\/\/tourdumondeaumanege.com\/\",\"logo\":{\"@type\":\"ImageObject\",\"inLanguage\":\"en-US\",\"@id\":\"https:\/\/tourdumondeaumanege.com\/#\/schema\/logo\/image\/\",\"url\":\"https:\/\/tourdumondeaumanege.com\/wp-content\/uploads\/2026\/02\/cropped-LOGO-TDM-SANS-FOND-scaled-1.png\",\"contentUrl\":\"https:\/\/tourdumondeaumanege.com\/wp-content\/uploads\/2026\/02\/cropped-LOGO-TDM-SANS-FOND-scaled-1.png\",\"width\":2556,\"height\":2521,\"caption\":\"Tour du monde\"},\"image\":{\"@id\":\"https:\/\/tourdumondeaumanege.com\/#\/schema\/logo\/image\/\"},\"sameAs\":[\"https:\/\/www.facebook.com\/tourdumonde.manege\",\"https:\/\/www.instagram.com\/tourdumonde.aumanege\/\",\"https:\/\/www.tiktok.com\/@tourdumondeaumanege?_t=8jFYfLFztZZ&_r=1\",\"https:\/\/www.linkedin.com\/company\/tour-du-monde-au-mange\",\"https:\/\/www.youtube.com\/@tourdumondeaumanege4869\"]}]}<\/script>\n<!-- \/ Yoast SEO plugin. -->","yoast_head_json":{"title":"Programme Le Tour du monde \u00e0 Chamb\u00e9 \ud83c\udf0d","description":"D\u00e9couvrez le programme du Tour du Monde \u00e0 Chamb\u00e9 2026 : animations, parades et festivit\u00e9s pour une \u00e9dition mettant en avant la culture alg\u00e9rienne.","robots":{"index":"index","follow":"follow","max-snippet":"max-snippet:-1","max-image-preview":"max-image-preview:large","max-video-preview":"max-video-preview:-1"},"canonical":"https:\/\/tourdumondeaumanege.com\/en\/programme-3\/","og_locale":"en_US","og_type":"article","og_title":"Programme Le Tour du monde \u00e0 Chamb\u00e9 \ud83c\udf0d","og_description":"D\u00e9couvrez le programme du Tour du Monde \u00e0 Chamb\u00e9 2026 : animations, parades et festivit\u00e9s pour une \u00e9dition mettant en avant la culture alg\u00e9rienne.","og_url":"https:\/\/tourdumondeaumanege.com\/en\/programme-3\/","og_site_name":"Le Tour du monde \u00e0 Chamb\u00e9 \ud83c\udf0d","article_publisher":"https:\/\/www.facebook.com\/tourdumonde.manege","article_modified_time":"2026-03-12T10:37:01+00:00","og_image":[{"width":1500,"height":600,"url":"https:\/\/tourdumondeaumanege.com\/wp-content\/uploads\/2026\/03\/bandeau-web-2.jpg","type":"image\/jpeg"}],"twitter_card":"summary_large_image","twitter_misc":{"Est. reading time":"2 minutes"},"schema":{"@context":"https:\/\/schema.org","@graph":[{"@type":"WebPage","@id":"https:\/\/tourdumondeaumanege.com\/programme-3\/","url":"https:\/\/tourdumondeaumanege.com\/programme-3\/","name":"Programme Le Tour du monde \u00e0 Chamb\u00e9 \ud83c\udf0d","isPartOf":{"@id":"https:\/\/tourdumondeaumanege.com\/#website"},"primaryImageOfPage":{"@id":"https:\/\/tourdumondeaumanege.com\/programme-3\/#primaryimage"},"image":{"@id":"https:\/\/tourdumondeaumanege.com\/programme-3\/#primaryimage"},"thumbnailUrl":"https:\/\/tourdumondeaumanege.com\/wp-content\/uploads\/2026\/03\/bandeau-web-2.jpg","datePublished":"2022-05-04T07:21:47+00:00","dateModified":"2026-03-12T10:37:01+00:00","description":"D\u00e9couvrez le programme du Tour du Monde \u00e0 Chamb\u00e9 2026 : animations, parades et festivit\u00e9s pour une \u00e9dition mettant en avant la culture alg\u00e9rienne.","breadcrumb":{"@id":"https:\/\/tourdumondeaumanege.com\/programme-3\/#breadcrumb"},"inLanguage":"en-US","potentialAction":[{"@type":"ReadAction","target":["https:\/\/tourdumondeaumanege.com\/programme-3\/"]}]},{"@type":"ImageObject","inLanguage":"en-US","@id":"https:\/\/tourdumondeaumanege.com\/programme-3\/#primaryimage","url":"https:\/\/tourdumondeaumanege.com\/wp-content\/uploads\/2026\/03\/bandeau-web-2.jpg","contentUrl":"https:\/\/tourdumondeaumanege.com\/wp-content\/uploads\/2026\/03\/bandeau-web-2.jpg","width":1500,"height":600},{"@type":"BreadcrumbList","@id":"https:\/\/tourdumondeaumanege.com\/programme-3\/#breadcrumb","itemListElement":[{"@type":"ListItem","position":1,"name":"Home","item":"https:\/\/tourdumondeaumanege.com\/"},{"@type":"ListItem","position":2,"name":"programme tour du monde"}]},{"@type":"WebSite","@id":"https:\/\/tourdumondeaumanege.com\/#website","url":"https:\/\/tourdumondeaumanege.com\/","name":"Le Tour du monde","description":"","publisher":{"@id":"https:\/\/tourdumondeaumanege.com\/#organization"},"alternateName":"Tour du monde Chamb\u00e9ry","potentialAction":[{"@type":"SearchAction","target":{"@type":"EntryPoint","urlTemplate":"https:\/\/tourdumondeaumanege.com\/?s={search_term_string}"},"query-input":{"@type":"PropertyValueSpecification","valueRequired":true,"valueName":"search_term_string"}}],"inLanguage":"en-US"},{"@type":"Organization","@id":"https:\/\/tourdumondeaumanege.com\/#organization","name":"Tour du monde","alternateName":"Tour du monde Chamb\u00e9ry","url":"https:\/\/tourdumondeaumanege.com\/","logo":{"@type":"ImageObject","inLanguage":"en-US","@id":"https:\/\/tourdumondeaumanege.com\/#\/schema\/logo\/image\/","url":"https:\/\/tourdumondeaumanege.com\/wp-content\/uploads\/2026\/02\/cropped-LOGO-TDM-SANS-FOND-scaled-1.png","contentUrl":"https:\/\/tourdumondeaumanege.com\/wp-content\/uploads\/2026\/02\/cropped-LOGO-TDM-SANS-FOND-scaled-1.png","width":2556,"height":2521,"caption":"Tour du monde"},"image":{"@id":"https:\/\/tourdumondeaumanege.com\/#\/schema\/logo\/image\/"},"sameAs":["https:\/\/www.facebook.com\/tourdumonde.manege","https:\/\/www.instagram.com\/tourdumonde.aumanege\/","https:\/\/www.tiktok.com\/@tourdumondeaumanege?_t=8jFYfLFztZZ&_r=1","https:\/\/www.linkedin.com\/company\/tour-du-monde-au-mange","https:\/\/www.youtube.com\/@tourdumondeaumanege4869"]}]}},"uagb_featured_image_src":{"full":["https:\/\/tourdumondeaumanege.com\/wp-content\/uploads\/2026\/03\/bandeau-web-2.jpg",1500,600,false],"thumbnail":["https:\/\/tourdumondeaumanege.com\/wp-content\/uploads\/2026\/03\/bandeau-web-2-150x150.jpg",150,150,true],"medium":["https:\/\/tourdumondeaumanege.com\/wp-content\/uploads\/2026\/03\/bandeau-web-2-300x120.jpg",300,120,true],"medium_large":["https:\/\/tourdumondeaumanege.com\/wp-content\/uploads\/2026\/03\/bandeau-web-2-768x307.jpg",768,307,true],"large":["https:\/\/tourdumondeaumanege.com\/wp-content\/uploads\/2026\/03\/bandeau-web-2-1024x410.jpg",1024,410,true],"1536x1536":["https:\/\/tourdumondeaumanege.com\/wp-content\/uploads\/2026\/03\/bandeau-web-2.jpg",1500,600,false],"2048x2048":["https:\/\/tourdumondeaumanege.com\/wp-content\/uploads\/2026\/03\/bandeau-web-2.jpg",1500,600,false],"trp-custom-language-flag":["https:\/\/tourdumondeaumanege.com\/wp-content\/uploads\/2026\/03\/bandeau-web-2-18x7.jpg",18,7,true]},"uagb_author_info":{"display_name":"letourdumonde","author_link":"https:\/\/tourdumondeaumanege.com\/en\/author\/letourdumonde\/"},"uagb_comment_info":0,"uagb_excerpt":"Programme Retrouvez le programme de l&rsquo;\u00e9dition 2026 !! le programme du Tour du Monde \u00e0 Chamb\u00e9 Le samedi matin, rejoignez-nous au centre-ville de Chamb\u00e9ry pour la grande parade. Les \u00e9tudiants d\u00e9fileront fi\u00e8rement avec les drapeaux de leurs pays, accompagn\u00e9s d\u2019une fanfare pour animer les rues avec une \u00e9nergie festive. Tout au long de la journ\u00e9e,&hellip;","_links":{"self":[{"href":"https:\/\/tourdumondeaumanege.com\/en\/wp-json\/wp\/v2\/pages\/359","targetHints":{"allow":["GET"]}}],"collection":[{"href":"https:\/\/tourdumondeaumanege.com\/en\/wp-json\/wp\/v2\/pages"}],"about":[{"href":"https:\/\/tourdumondeaumanege.com\/en\/wp-json\/wp\/v2\/types\/page"}],"author":[{"embeddable":true,"href":"https:\/\/tourdumondeaumanege.com\/en\/wp-json\/wp\/v2\/users\/1"}],"replies":[{"embeddable":true,"href":"https:\/\/tourdumondeaumanege.com\/en\/wp-json\/wp\/v2\/comments?post=359"}],"version-history":[{"count":49,"href":"https:\/\/tourdumondeaumanege.com\/en\/wp-json\/wp\/v2\/pages\/359\/revisions"}],"predecessor-version":[{"id":3688,"href":"https:\/\/tourdumondeaumanege.com\/en\/wp-json\/wp\/v2\/pages\/359\/revisions\/3688"}],"wp:featuredmedia":[{"embeddable":true,"href":"https:\/\/tourdumondeaumanege.com\/en\/wp-json\/wp\/v2\/media\/3651"}],"wp:attachment":[{"href":"https:\/\/tourdumondeaumanege.com\/en\/wp-json\/wp\/v2\/media?parent=359"}],"curies":[{"name":"wp","href":"https:\/\/api.w.org\/{rel}","templated":true}]}}