{"id":3089,"date":"2025-01-11T19:40:34","date_gmt":"2025-01-11T19:40:34","guid":{"rendered":"https:\/\/tourdumondeaumanege.com\/?page_id=3089"},"modified":"2026-02-12T10:44:46","modified_gmt":"2026-02-12T10:44:46","slug":"vous-y-rendre","status":"publish","type":"page","link":"https:\/\/tourdumondeaumanege.com\/en\/vous-y-rendre\/","title":{"rendered":"Get there"},"content":{"rendered":"<div class=\"wp-block-uagb-container uagb-block-150f781c alignfull uagb-is-root-container\">\n<div class=\"wp-block-cover\"><img loading=\"lazy\" decoding=\"async\" width=\"1024\" height=\"768\" class=\"wp-block-cover__image-background wp-image-2937 size-large\" alt=\"\" src=\"https:\/\/tourdumondeaumanege.com\/wp-content\/uploads\/2024\/12\/IMG_5642-1024x768.jpg\" data-object-fit=\"cover\" srcset=\"https:\/\/tourdumondeaumanege.com\/wp-content\/uploads\/2024\/12\/IMG_5642-1024x768.jpg 1024w, https:\/\/tourdumondeaumanege.com\/wp-content\/uploads\/2024\/12\/IMG_5642-300x225.jpg 300w, https:\/\/tourdumondeaumanege.com\/wp-content\/uploads\/2024\/12\/IMG_5642-768x576.jpg 768w, https:\/\/tourdumondeaumanege.com\/wp-content\/uploads\/2024\/12\/IMG_5642-1536x1152.jpg 1536w, https:\/\/tourdumondeaumanege.com\/wp-content\/uploads\/2024\/12\/IMG_5642-2048x1536.jpg 2048w, https:\/\/tourdumondeaumanege.com\/wp-content\/uploads\/2024\/12\/IMG_5642-16x12.jpg 16w\" sizes=\"auto, (max-width: 1024px) 100vw, 1024px\" \/><span aria-hidden=\"true\" class=\"wp-block-cover__background has-background-dim\" style=\"background-color:#857773\"><\/span><div class=\"wp-block-cover__inner-container is-layout-flow wp-block-cover-is-layout-flow\">\n<div class=\"wp-block-uagb-advanced-heading uagb-block-1fe70baa\"><h1 class=\"uagb-heading-text\"><strong>La localisation<\/strong><\/h1><\/div>\n<\/div><\/div>\n<\/div>\n\n\n\n<div class=\"wp-block-uagb-separator uagb-block-74a1ef68\"><div class=\"wp-block-uagb-separator__inner\" style=\"--my-background-image:\"><\/div><\/div>\n\n\n\n<div class=\"wp-block-uagb-advanced-heading uagb-block-0946d73b\"><h2 class=\"uagb-heading-text\">\u00c9dition 2026<\/h2><\/div>\n\n\n\n<p class=\"has-text-align-center has-ast-global-color-2-color has-text-color has-link-color wp-elements-728cbf99d94991c3d2f3cdb6b7fb6ed1\">Depuis l\u2019\u00e9dition 2024,\u00a0<em>Le Tour du Monde au Man\u00e8ge<\/em>\u00a0a \u00e9volu\u00e9 pour devenir\u00a0<em>Le Tour du Monde au Stadium<\/em> et change cette ann\u00e9e de configuration sous le nom de <em>Tour du Monde \u00e0 Chamb\u00e9<\/em>. La nouvelle localisation, situ\u00e9e \u00e0 la Fontaine des \u00c9l\u00e9phants, offrira de nouvelles opportunit\u00e9s.<\/p>\n\n\n\n<p class=\"has-text-align-center has-ast-global-color-2-color has-text-color has-link-color wp-elements-7cc85cb996a854cd647f3e16189ab69b\" style=\"margin-top:var(--wp--preset--spacing--50);margin-right:var(--wp--preset--spacing--70);margin-bottom:var(--wp--preset--spacing--50);margin-left:var(--wp--preset--spacing--70)\">Historically, the event took place at the Le Man\u00e8ge Conference Center in Chamb\u00e9ry, with its 700 m\u00b2 and auditorium.<\/p>\n\n\n\n<p class=\"has-text-align-center has-ast-global-color-2-color has-text-color has-link-color wp-elements-24ea6655faf4153f42eace0606475bb9\" style=\"margin-top:var(--wp--preset--spacing--50);margin-right:var(--wp--preset--spacing--70);margin-bottom:var(--wp--preset--spacing--50);margin-left:var(--wp--preset--spacing--70)\">This change allows us to accommodate more participants and offer an even richer and more diverse program.<\/p>\n\n\n\n<p class=\"has-text-align-center has-text-color has-link-color wp-elements-a793c666e17a5e1b1d1f14708b02e524\" style=\"color:#006633\">Place des \u00c9l\u00e9phants<br>73000 Chamb\u00e9ry<\/p>\n\n\n\n<div class=\"wp-block-uagb-separator uagb-block-eced91c0\"><div class=\"wp-block-uagb-separator__inner\" style=\"--my-background-image:\"><\/div><\/div>\n\n\n\n<div class=\"wp-block-uagb-advanced-heading uagb-block-09e8608c\"><h3 class=\"uagb-heading-text\">Visualisez la localisation : <\/h3><\/div>\n\n\n\t\t\t<div \n\t\t\tclass=\"wp-block-uagb-google-map uagb-google-map__wrap uagb-block-81db0327\"\n\t\t\tstyle=\"\" >\n\t\t\t\t<embed\n\t\t\t\t\tclass=\"uagb-google-map__iframe\"\n\t\t\t\t\ttitle=\"Google Map for \"\n\t\t\t\t\tsrc=\"https:\/\/maps.google.com\/maps?q=Place%20des%20%C3%89l%C3%A9phants&#038;z=12&#038;hl=en&#038;t=m&#038;output=embed&#038;iwloc=near\"\n\t\t\t\t\twidth=\"640\"\n\t\t\t\t\theight=\"373\"\n\t\t\t\t\tloading=\"lazy\"\n\t\t\t\t><\/embed>\n\t\t\t<\/div>\n\t\t\t\n\n\n<div class=\"wp-block-uagb-container uagb-block-3d908c50 alignfull uagb-is-root-container\"><div class=\"uagb-container-inner-blocks-wrap\"><\/div><\/div>\n\n\n\n<div class=\"wp-block-uagb-advanced-heading uagb-block-06defce3\"><h3 class=\"uagb-heading-text\">Par quel moyen venir ?<\/h3><\/div>\n\n\n\n<div class=\"wp-block-uagb-separator uagb-block-9c113d41\"><div class=\"wp-block-uagb-separator__inner\" style=\"--my-background-image:\"><\/div><\/div>\n\n\n\n<p class=\"has-ast-global-color-2-color has-text-color has-link-color has-medium-font-size wp-elements-59d612c19d52d3fcea9f078d59a4076f\"><em><strong>En voiture ? <\/strong><\/em><\/p>\n\n\n\n<p class=\"has-ast-global-color-2-color has-text-color has-link-color wp-elements-d7a4aa1abecd1dfddbfae076abfe2933\">Vous souhaitez venir en voiture ? C\u2019est tout \u00e0 fait possible ! Cependant, pensez \u00e0 pr\u00e9voir un peu de temps pour trouver une place, car le stationnement peut \u00eatre limit\u00e9, et les places sont payantes. Pour plus de praticit\u00e9, n\u2019h\u00e9sitez pas \u00e0 explorer les alternatives comme les transports en commun ou le covoiturage !<\/p>\n\n\n\n<div class=\"wp-block-uagb-separator uagb-block-1be509b6\"><div class=\"wp-block-uagb-separator__inner\" style=\"--my-background-image:\"><\/div><\/div>\n\n\n\n<div class=\"wp-block-uagb-advanced-heading uagb-block-41008f5f\"><h4 class=\"uagb-heading-text\"><strong>Facilitez vous la vie avec les transports en commun !<\/strong><\/h4><\/div>\n\n\n\n<div class=\"wp-block-uagb-separator uagb-block-03d69c05\"><div class=\"wp-block-uagb-separator__inner\" style=\"--my-background-image:\"><\/div><\/div>\n\n\n\n<p class=\"has-ast-global-color-2-color has-text-color has-link-color has-medium-font-size wp-elements-d814ae02b0d588265ec2c8056b67583f\"><em><strong>En bus :<\/strong><\/em><\/p>\n\n\n\n<p class=\"has-ast-global-color-2-color has-text-color has-link-color wp-elements-926abc41082a66a0144b4e2e031cbd9b\">Les lignes habituelles du r\u00e9seau SynchroBus seront \u00e9galement \u00e0 votre disposition pour vous rendre \u00e0 la Place des \u00c9l\u00e9phants (\u00e0 proximit\u00e9 des lignes de bus 2, 4, B, D, E arr\u00eat \u00ab\u00a0Gare Ducs\u00a0\u00bb ).<\/p>\n\n\n\n<p class=\"has-ast-global-color-2-color has-text-color has-link-color wp-elements-cd5dbe1155dd2388ac28c0a47470714b\">All the information on the SynchroBus website:&nbsp;<a href=\"https:\/\/synchro.grandchambery.fr\/\"><strong>https:\/\/synchro.grandchambery.fr\/<\/strong><\/a><\/p>\n\n\n\n<div class=\"wp-block-uagb-separator uagb-block-d2f5066b\"><div class=\"wp-block-uagb-separator__inner\" style=\"--my-background-image:\"><\/div><\/div>\n\n\n\n<p class=\"has-ast-global-color-2-color has-text-color has-link-color has-medium-font-size wp-elements-b6dfd96a574ffe64c148dba91aefa36a\"><em><strong>En train :<\/strong><\/em><\/p>\n\n\n\n<p class=\"has-ast-global-color-2-color has-text-color has-link-color wp-elements-ba4a5e07c22265a4cd1f61c9fa54a99d\">La gare de Chamb\u00e9ry Challes-les-Eaux est situ\u00e9e place de la Gare (\u00e0 10 min \u00e0 pieds).&nbsp;<\/p>\n\n\n\n<p class=\"has-ast-global-color-2-color has-text-color has-link-color wp-elements-643bcc2fbede0a7dfd65b7db3df65c2a\">For regional lines linking Lyon, Grenoble, Annecy, Bourg Saint Maurice or Modane to Chamb\u00e9ry, visit the TER website.&nbsp;<a href=\"https:\/\/www.sncf-voyageurs.com\/fr\/voyagez-avec-nous\/en-france\/ter\/\">TER.<\/a>&nbsp;For long-distance and TGV services, visit the<strong>&nbsp;<a href=\"https:\/\/www.sncf-connect.com\/\">SNCF Connect<\/a><\/strong> ou celui de <a href=\"https:\/\/www.thetrainline.com\/fr\"><strong>Trainline<\/strong><\/a><\/p>\n\n\n\n<div class=\"wp-block-uagb-separator uagb-block-35849c63\"><div class=\"wp-block-uagb-separator__inner\" style=\"--my-background-image:\"><\/div><\/div>\n\n\n\n<p class=\"has-ast-global-color-2-color has-text-color has-link-color has-medium-font-size wp-elements-f3df557c156e2922df35fe83d3d0e11d\"><strong><em>En taxi :<\/em> <\/strong><\/p>\n\n\n\n<p class=\"has-ast-global-color-2-color has-text-color has-link-color wp-elements-f38c71e1d746eebc3c6fd2832ff6ff88\">ALLO-TAXIS CHAMBERY \u2013 T\u00e9l: 04 79 69 11 12&nbsp; (Site web :&nbsp;<a href=\"https:\/\/www.taxi-chambery.com\/en\/\"><strong>https:\/\/www.taxi-chambery.com\/en\/<\/strong><\/a>)&nbsp;<\/p>\n\n\n\n<p class=\"has-ast-global-color-2-color has-text-color has-link-color wp-elements-b8dada6749588a19e6fe577c4c34e34c\">ABC TAXI PERNET \u2013 <br>T\u00e9l: 04 79 62 66 05 <br>06 07 22 66 54<\/p>\n\n\n\n<div class=\"wp-block-uagb-separator uagb-block-98761814\"><div class=\"wp-block-uagb-separator__inner\" style=\"--my-background-image:\"><\/div><\/div>\n\n\n\n<p class=\"has-ast-global-color-2-color has-text-color has-link-color has-medium-font-size wp-elements-0df6509afae0ce4bf9b6129050a60ef5\"><strong><em>By bike<\/em> :<\/strong><\/p>\n\n\n\n<p class=\"has-ast-global-color-2-color has-text-color has-link-color wp-elements-4f69c8f28181b59585a532166ba65d32\">Think green and get to the \u2018Tour du Monde\u2019 by bike!<\/p>\n\n\n\n<p class=\"has-ast-global-color-2-color has-text-color has-link-color wp-elements-2a2d8a8a67af083fd485e4acfebc68cb\">Un service de location de v\u00e9los est disponible \u00e0 la Gare de Chamb\u00e9ry. Pour plus d\u2019informations:&nbsp;<a href=\"https:\/\/synchro.grandchambery.fr\/louer-un-velo\/\"><strong>https:\/\/synchro.grandchambery.fr\/louer-un-velo\/<\/strong><\/a><\/p>\n\n\n\n<p class=\"has-ast-global-color-2-color has-text-color has-link-color wp-elements-5cc13c50ba6bb48b37c82ec7d74655b0\">V\u00c9LOSTATION<br>GARE DE CHAMB\u00c9RY<br>217, Place de la gare<br>73000 CHAMBERY<br>T\u00e9l: 04 79 96 34 13<br>Fax: 04 79<\/p>\n\n\n\n<p><\/p>","protected":false},"excerpt":{"rendered":"<p>\u00c9dition 2026 Depuis l\u2019\u00e9dition 2024,\u00a0Le Tour du Monde au Man\u00e8ge\u00a0a \u00e9volu\u00e9 pour devenir\u00a0Le Tour du Monde au Stadium et change cette ann\u00e9e de configuration sous le nom de Tour du Monde \u00e0 Chamb\u00e9. La nouvelle localisation, situ\u00e9e \u00e0 la Fontaine des \u00c9l\u00e9phants, offrira de nouvelles opportunit\u00e9s. Historiquement, l\u2019\u00e9v\u00e9nement se d\u00e9roulait au Centre de Congr\u00e8s Le [&hellip;]<\/p>\n","protected":false},"author":1,"featured_media":2847,"parent":0,"menu_order":0,"comment_status":"closed","ping_status":"closed","template":"","meta":{"_uag_custom_page_level_css":"","site-sidebar-layout":"default","site-content-layout":"","ast-site-content-layout":"default","site-content-style":"default","site-sidebar-style":"default","ast-global-header-display":"","ast-banner-title-visibility":"","ast-main-header-display":"","ast-hfb-above-header-display":"","ast-hfb-below-header-display":"","ast-hfb-mobile-header-display":"","site-post-title":"disabled","ast-breadcrumbs-content":"","ast-featured-img":"disabled","footer-sml-layout":"","ast-disable-related-posts":"","theme-transparent-header-meta":"","adv-header-id-meta":"","stick-header-meta":"","header-above-stick-meta":"","header-main-stick-meta":"","header-below-stick-meta":"","astra-migrate-meta-layouts":"set","ast-page-background-enabled":"default","ast-page-background-meta":{"desktop":{"background-color":"","background-image":"","background-repeat":"repeat","background-position":"center center","background-size":"auto","background-attachment":"scroll","background-type":"","background-media":"","overlay-type":"","overlay-color":"","overlay-gradient":""},"tablet":{"background-color":"","background-image":"","background-repeat":"repeat","background-position":"center center","background-size":"auto","background-attachment":"scroll","background-type":"","background-media":"","overlay-type":"","overlay-color":"","overlay-gradient":""},"mobile":{"background-color":"","background-image":"","background-repeat":"repeat","background-position":"center center","background-size":"auto","background-attachment":"scroll","background-type":"","background-media":"","overlay-type":"","overlay-color":"","overlay-gradient":""}},"ast-content-background-meta":{"desktop":{"background-color":"var(--ast-global-color-5)","background-image":"","background-repeat":"repeat","background-position":"center center","background-size":"auto","background-attachment":"scroll","background-type":"","background-media":"","overlay-type":"","overlay-color":"","overlay-gradient":""},"tablet":{"background-color":"var(--ast-global-color-5)","background-image":"","background-repeat":"repeat","background-position":"center center","background-size":"auto","background-attachment":"scroll","background-type":"","background-media":"","overlay-type":"","overlay-color":"","overlay-gradient":""},"mobile":{"background-color":"var(--ast-global-color-5)","background-image":"","background-repeat":"repeat","background-position":"center center","background-size":"auto","background-attachment":"scroll","background-type":"","background-media":"","overlay-type":"","overlay-color":"","overlay-gradient":""}},"footnotes":""},"class_list":["post-3089","page","type-page","status-publish","has-post-thumbnail","hentry"],"yoast_head":"<!-- This site is optimized with the Yoast SEO plugin v26.9 - https:\/\/yoast.com\/product\/yoast-seo-wordpress\/ -->\n<title>Vous y rendre Le Tour du monde \u00e0 Chamb\u00e9 \ud83c\udf0d<\/title>\n<meta name=\"description\" content=\"D\u00e9couvrez toutes les informations pratiques et la localisation pour vous rendre au Tour du Monde \u00e0 Chamb\u00e9.\" \/>\n<meta name=\"robots\" content=\"index, follow, max-snippet:-1, max-image-preview:large, max-video-preview:-1\" \/>\n<link rel=\"canonical\" href=\"https:\/\/tourdumondeaumanege.com\/en\/vous-y-rendre\/\" \/>\n<meta property=\"og:locale\" content=\"en_US\" \/>\n<meta property=\"og:type\" content=\"article\" \/>\n<meta property=\"og:title\" content=\"Vous y rendre Le Tour du monde \u00e0 Chamb\u00e9 \ud83c\udf0d\" \/>\n<meta property=\"og:description\" content=\"D\u00e9couvrez toutes les informations pratiques et la localisation pour vous rendre au Tour du Monde \u00e0 Chamb\u00e9.\" \/>\n<meta property=\"og:url\" content=\"https:\/\/tourdumondeaumanege.com\/en\/vous-y-rendre\/\" \/>\n<meta property=\"og:site_name\" content=\"Le Tour du monde \u00e0 Chamb\u00e9 \ud83c\udf0d\" \/>\n<meta property=\"article:publisher\" content=\"https:\/\/www.facebook.com\/tourdumonde.manege\" \/>\n<meta property=\"article:modified_time\" content=\"2026-02-12T10:44:46+00:00\" \/>\n<meta property=\"og:image\" content=\"https:\/\/tourdumondeaumanege.com\/wp-content\/uploads\/2024\/12\/IMG_0117-scaled.jpg\" \/>\n\t<meta property=\"og:image:width\" content=\"1920\" \/>\n\t<meta property=\"og:image:height\" content=\"2560\" \/>\n\t<meta property=\"og:image:type\" content=\"image\/jpeg\" \/>\n<meta name=\"twitter:card\" content=\"summary_large_image\" \/>\n<meta name=\"twitter:label1\" content=\"Est. reading time\" \/>\n\t<meta name=\"twitter:data1\" content=\"3 minutes\" \/>\n<script type=\"application\/ld+json\" class=\"yoast-schema-graph\">{\"@context\":\"https:\/\/schema.org\",\"@graph\":[{\"@type\":\"WebPage\",\"@id\":\"https:\/\/tourdumondeaumanege.com\/vous-y-rendre\/\",\"url\":\"https:\/\/tourdumondeaumanege.com\/vous-y-rendre\/\",\"name\":\"Vous y rendre Le Tour du monde \u00e0 Chamb\u00e9 \ud83c\udf0d\",\"isPartOf\":{\"@id\":\"https:\/\/tourdumondeaumanege.com\/#website\"},\"primaryImageOfPage\":{\"@id\":\"https:\/\/tourdumondeaumanege.com\/vous-y-rendre\/#primaryimage\"},\"image\":{\"@id\":\"https:\/\/tourdumondeaumanege.com\/vous-y-rendre\/#primaryimage\"},\"thumbnailUrl\":\"https:\/\/tourdumondeaumanege.com\/wp-content\/uploads\/2024\/12\/IMG_0117-scaled.jpg\",\"datePublished\":\"2025-01-11T19:40:34+00:00\",\"dateModified\":\"2026-02-12T10:44:46+00:00\",\"description\":\"D\u00e9couvrez toutes les informations pratiques et la localisation pour vous rendre au Tour du Monde \u00e0 Chamb\u00e9.\",\"breadcrumb\":{\"@id\":\"https:\/\/tourdumondeaumanege.com\/vous-y-rendre\/#breadcrumb\"},\"inLanguage\":\"en-US\",\"potentialAction\":[{\"@type\":\"ReadAction\",\"target\":[\"https:\/\/tourdumondeaumanege.com\/vous-y-rendre\/\"]}]},{\"@type\":\"ImageObject\",\"inLanguage\":\"en-US\",\"@id\":\"https:\/\/tourdumondeaumanege.com\/vous-y-rendre\/#primaryimage\",\"url\":\"https:\/\/tourdumondeaumanege.com\/wp-content\/uploads\/2024\/12\/IMG_0117-scaled.jpg\",\"contentUrl\":\"https:\/\/tourdumondeaumanege.com\/wp-content\/uploads\/2024\/12\/IMG_0117-scaled.jpg\",\"width\":1920,\"height\":2560},{\"@type\":\"BreadcrumbList\",\"@id\":\"https:\/\/tourdumondeaumanege.com\/vous-y-rendre\/#breadcrumb\",\"itemListElement\":[{\"@type\":\"ListItem\",\"position\":1,\"name\":\"Home\",\"item\":\"https:\/\/tourdumondeaumanege.com\/\"},{\"@type\":\"ListItem\",\"position\":2,\"name\":\"Vous y rendre\"}]},{\"@type\":\"WebSite\",\"@id\":\"https:\/\/tourdumondeaumanege.com\/#website\",\"url\":\"https:\/\/tourdumondeaumanege.com\/\",\"name\":\"Le Tour du monde\",\"description\":\"\",\"publisher\":{\"@id\":\"https:\/\/tourdumondeaumanege.com\/#organization\"},\"alternateName\":\"Tour du monde Chamb\u00e9ry\",\"potentialAction\":[{\"@type\":\"SearchAction\",\"target\":{\"@type\":\"EntryPoint\",\"urlTemplate\":\"https:\/\/tourdumondeaumanege.com\/?s={search_term_string}\"},\"query-input\":{\"@type\":\"PropertyValueSpecification\",\"valueRequired\":true,\"valueName\":\"search_term_string\"}}],\"inLanguage\":\"en-US\"},{\"@type\":\"Organization\",\"@id\":\"https:\/\/tourdumondeaumanege.com\/#organization\",\"name\":\"Tour du monde\",\"alternateName\":\"Tour du monde Chamb\u00e9ry\",\"url\":\"https:\/\/tourdumondeaumanege.com\/\",\"logo\":{\"@type\":\"ImageObject\",\"inLanguage\":\"en-US\",\"@id\":\"https:\/\/tourdumondeaumanege.com\/#\/schema\/logo\/image\/\",\"url\":\"https:\/\/tourdumondeaumanege.com\/wp-content\/uploads\/2026\/02\/cropped-LOGO-TDM-SANS-FOND-scaled-1.png\",\"contentUrl\":\"https:\/\/tourdumondeaumanege.com\/wp-content\/uploads\/2026\/02\/cropped-LOGO-TDM-SANS-FOND-scaled-1.png\",\"width\":2556,\"height\":2521,\"caption\":\"Tour du monde\"},\"image\":{\"@id\":\"https:\/\/tourdumondeaumanege.com\/#\/schema\/logo\/image\/\"},\"sameAs\":[\"https:\/\/www.facebook.com\/tourdumonde.manege\",\"https:\/\/www.instagram.com\/tourdumonde.aumanege\/\",\"https:\/\/www.tiktok.com\/@tourdumondeaumanege?_t=8jFYfLFztZZ&_r=1\",\"https:\/\/www.linkedin.com\/company\/tour-du-monde-au-mange\",\"https:\/\/www.youtube.com\/@tourdumondeaumanege4869\"]}]}<\/script>\n<!-- \/ Yoast SEO plugin. -->","yoast_head_json":{"title":"Vous y rendre Le Tour du monde \u00e0 Chamb\u00e9 \ud83c\udf0d","description":"D\u00e9couvrez toutes les informations pratiques et la localisation pour vous rendre au Tour du Monde \u00e0 Chamb\u00e9.","robots":{"index":"index","follow":"follow","max-snippet":"max-snippet:-1","max-image-preview":"max-image-preview:large","max-video-preview":"max-video-preview:-1"},"canonical":"https:\/\/tourdumondeaumanege.com\/en\/vous-y-rendre\/","og_locale":"en_US","og_type":"article","og_title":"Vous y rendre Le Tour du monde \u00e0 Chamb\u00e9 \ud83c\udf0d","og_description":"D\u00e9couvrez toutes les informations pratiques et la localisation pour vous rendre au Tour du Monde \u00e0 Chamb\u00e9.","og_url":"https:\/\/tourdumondeaumanege.com\/en\/vous-y-rendre\/","og_site_name":"Le Tour du monde \u00e0 Chamb\u00e9 \ud83c\udf0d","article_publisher":"https:\/\/www.facebook.com\/tourdumonde.manege","article_modified_time":"2026-02-12T10:44:46+00:00","og_image":[{"width":1920,"height":2560,"url":"https:\/\/tourdumondeaumanege.com\/wp-content\/uploads\/2024\/12\/IMG_0117-scaled.jpg","type":"image\/jpeg"}],"twitter_card":"summary_large_image","twitter_misc":{"Est. reading time":"3 minutes"},"schema":{"@context":"https:\/\/schema.org","@graph":[{"@type":"WebPage","@id":"https:\/\/tourdumondeaumanege.com\/vous-y-rendre\/","url":"https:\/\/tourdumondeaumanege.com\/vous-y-rendre\/","name":"Vous y rendre Le Tour du monde \u00e0 Chamb\u00e9 \ud83c\udf0d","isPartOf":{"@id":"https:\/\/tourdumondeaumanege.com\/#website"},"primaryImageOfPage":{"@id":"https:\/\/tourdumondeaumanege.com\/vous-y-rendre\/#primaryimage"},"image":{"@id":"https:\/\/tourdumondeaumanege.com\/vous-y-rendre\/#primaryimage"},"thumbnailUrl":"https:\/\/tourdumondeaumanege.com\/wp-content\/uploads\/2024\/12\/IMG_0117-scaled.jpg","datePublished":"2025-01-11T19:40:34+00:00","dateModified":"2026-02-12T10:44:46+00:00","description":"D\u00e9couvrez toutes les informations pratiques et la localisation pour vous rendre au Tour du Monde \u00e0 Chamb\u00e9.","breadcrumb":{"@id":"https:\/\/tourdumondeaumanege.com\/vous-y-rendre\/#breadcrumb"},"inLanguage":"en-US","potentialAction":[{"@type":"ReadAction","target":["https:\/\/tourdumondeaumanege.com\/vous-y-rendre\/"]}]},{"@type":"ImageObject","inLanguage":"en-US","@id":"https:\/\/tourdumondeaumanege.com\/vous-y-rendre\/#primaryimage","url":"https:\/\/tourdumondeaumanege.com\/wp-content\/uploads\/2024\/12\/IMG_0117-scaled.jpg","contentUrl":"https:\/\/tourdumondeaumanege.com\/wp-content\/uploads\/2024\/12\/IMG_0117-scaled.jpg","width":1920,"height":2560},{"@type":"BreadcrumbList","@id":"https:\/\/tourdumondeaumanege.com\/vous-y-rendre\/#breadcrumb","itemListElement":[{"@type":"ListItem","position":1,"name":"Home","item":"https:\/\/tourdumondeaumanege.com\/"},{"@type":"ListItem","position":2,"name":"Vous y rendre"}]},{"@type":"WebSite","@id":"https:\/\/tourdumondeaumanege.com\/#website","url":"https:\/\/tourdumondeaumanege.com\/","name":"Le Tour du monde","description":"","publisher":{"@id":"https:\/\/tourdumondeaumanege.com\/#organization"},"alternateName":"Tour du monde Chamb\u00e9ry","potentialAction":[{"@type":"SearchAction","target":{"@type":"EntryPoint","urlTemplate":"https:\/\/tourdumondeaumanege.com\/?s={search_term_string}"},"query-input":{"@type":"PropertyValueSpecification","valueRequired":true,"valueName":"search_term_string"}}],"inLanguage":"en-US"},{"@type":"Organization","@id":"https:\/\/tourdumondeaumanege.com\/#organization","name":"Tour du monde","alternateName":"Tour du monde Chamb\u00e9ry","url":"https:\/\/tourdumondeaumanege.com\/","logo":{"@type":"ImageObject","inLanguage":"en-US","@id":"https:\/\/tourdumondeaumanege.com\/#\/schema\/logo\/image\/","url":"https:\/\/tourdumondeaumanege.com\/wp-content\/uploads\/2026\/02\/cropped-LOGO-TDM-SANS-FOND-scaled-1.png","contentUrl":"https:\/\/tourdumondeaumanege.com\/wp-content\/uploads\/2026\/02\/cropped-LOGO-TDM-SANS-FOND-scaled-1.png","width":2556,"height":2521,"caption":"Tour du monde"},"image":{"@id":"https:\/\/tourdumondeaumanege.com\/#\/schema\/logo\/image\/"},"sameAs":["https:\/\/www.facebook.com\/tourdumonde.manege","https:\/\/www.instagram.com\/tourdumonde.aumanege\/","https:\/\/www.tiktok.com\/@tourdumondeaumanege?_t=8jFYfLFztZZ&_r=1","https:\/\/www.linkedin.com\/company\/tour-du-monde-au-mange","https:\/\/www.youtube.com\/@tourdumondeaumanege4869"]}]}},"uagb_featured_image_src":{"full":["https:\/\/tourdumondeaumanege.com\/wp-content\/uploads\/2024\/12\/IMG_0117-scaled.jpg",1920,2560,false],"thumbnail":["https:\/\/tourdumondeaumanege.com\/wp-content\/uploads\/2024\/12\/IMG_0117-150x150.jpg",150,150,true],"medium":["https:\/\/tourdumondeaumanege.com\/wp-content\/uploads\/2024\/12\/IMG_0117-225x300.jpg",225,300,true],"medium_large":["https:\/\/tourdumondeaumanege.com\/wp-content\/uploads\/2024\/12\/IMG_0117-768x1024.jpg",768,1024,true],"large":["https:\/\/tourdumondeaumanege.com\/wp-content\/uploads\/2024\/12\/IMG_0117-768x1024.jpg",768,1024,true],"1536x1536":["https:\/\/tourdumondeaumanege.com\/wp-content\/uploads\/2024\/12\/IMG_0117-1152x1536.jpg",1152,1536,true],"2048x2048":["https:\/\/tourdumondeaumanege.com\/wp-content\/uploads\/2024\/12\/IMG_0117-1536x2048.jpg",1536,2048,true],"trp-custom-language-flag":["https:\/\/tourdumondeaumanege.com\/wp-content\/uploads\/2024\/12\/IMG_0117-9x12.jpg",9,12,true]},"uagb_author_info":{"display_name":"letourdumonde","author_link":"https:\/\/tourdumondeaumanege.com\/en\/author\/letourdumonde\/"},"uagb_comment_info":0,"uagb_excerpt":"\u00c9dition 2026 Depuis l\u2019\u00e9dition 2024,\u00a0Le Tour du Monde au Man\u00e8ge\u00a0a \u00e9volu\u00e9 pour devenir\u00a0Le Tour du Monde au Stadium et change cette ann\u00e9e de configuration sous le nom de Tour du Monde \u00e0 Chamb\u00e9. La nouvelle localisation, situ\u00e9e \u00e0 la Fontaine des \u00c9l\u00e9phants, offrira de nouvelles opportunit\u00e9s. Historiquement, l\u2019\u00e9v\u00e9nement se d\u00e9roulait au Centre de Congr\u00e8s Le&hellip;","_links":{"self":[{"href":"https:\/\/tourdumondeaumanege.com\/en\/wp-json\/wp\/v2\/pages\/3089","targetHints":{"allow":["GET"]}}],"collection":[{"href":"https:\/\/tourdumondeaumanege.com\/en\/wp-json\/wp\/v2\/pages"}],"about":[{"href":"https:\/\/tourdumondeaumanege.com\/en\/wp-json\/wp\/v2\/types\/page"}],"author":[{"embeddable":true,"href":"https:\/\/tourdumondeaumanege.com\/en\/wp-json\/wp\/v2\/users\/1"}],"replies":[{"embeddable":true,"href":"https:\/\/tourdumondeaumanege.com\/en\/wp-json\/wp\/v2\/comments?post=3089"}],"version-history":[{"count":27,"href":"https:\/\/tourdumondeaumanege.com\/en\/wp-json\/wp\/v2\/pages\/3089\/revisions"}],"predecessor-version":[{"id":3604,"href":"https:\/\/tourdumondeaumanege.com\/en\/wp-json\/wp\/v2\/pages\/3089\/revisions\/3604"}],"wp:featuredmedia":[{"embeddable":true,"href":"https:\/\/tourdumondeaumanege.com\/en\/wp-json\/wp\/v2\/media\/2847"}],"wp:attachment":[{"href":"https:\/\/tourdumondeaumanege.com\/en\/wp-json\/wp\/v2\/media?parent=3089"}],"curies":[{"name":"wp","href":"https:\/\/api.w.org\/{rel}","templated":true}]}}