{"id":2,"date":"2023-12-26T21:28:15","date_gmt":"2023-12-26T21:28:15","guid":{"rendered":"http:\/\/localhost\/Tourdumonde\/?page_id=2"},"modified":"2026-02-24T12:54:37","modified_gmt":"2026-02-24T12:54:37","slug":"faq","status":"publish","type":"page","link":"https:\/\/tourdumondeaumanege.com\/en\/faq\/","title":{"rendered":"FAQ"},"content":{"rendered":"<div class=\"wp-block-uagb-container uagb-block-598d7847 alignfull uagb-is-root-container\"><div class=\"uagb-container-inner-blocks-wrap\">\n<p><\/p>\n\n\n\n<p><\/p>\n\n\n\n<p><\/p>\n\n\n\n<p><\/p>\n\n\n\n<p><\/p>\n\n\n\n<p><\/p>\n\n\n\n<h2 class=\"wp-block-heading alignwide has-text-align-center has-ast-global-color-5-color has-text-color has-link-color wp-elements-687228dec51332e91252b10ab187f0fe\" style=\"font-size:70px\"><strong>fAQ<\/strong><\/h2>\n<\/div><\/div>\n\n\n\n<div class=\"wp-block-uagb-separator uagb-block-a8e3ef41\"><div class=\"wp-block-uagb-separator__inner\" style=\"--my-background-image:\"><\/div><\/div>\n\n\n\n<p class=\"has-text-align-center has-ast-global-color-2-color has-text-color has-link-color wp-elements-2eb5caca5107ca0f27d207c7e23eb880\">Vous avez des questions ? Avant de nous contacter, consultez notre FAQ. Vous y trouverez s\u00fbrement la r\u00e9ponse \u00e0 votre demande. Nous avons rassembl\u00e9 les informations les plus fr\u00e9quemment pos\u00e9es pour vous aider rapidement. Si toutefois vous ne trouvez pas ce que vous cherchez, contactez-nous directement. Nous r\u00e9pondrons avec plaisir \u00e0 toutes vos questions et vous fournirons toutes les informations n\u00e9cessaires !<\/p>\n\n\n\n<div class=\"wp-block-uagb-separator uagb-block-ec82fd29\"><div class=\"wp-block-uagb-separator__inner\" style=\"--my-background-image:\"><\/div><\/div>\n\n\n\n<div class=\"wp-block-uagb-advanced-heading uagb-block-0733fda7\"><h3 class=\"uagb-heading-text\">Les questions r\u00e9guli\u00e8rement pos\u00e9es <\/h3><\/div>\n\n\n\n<div class=\"wp-block-uagb-separator uagb-block-e690ef02\"><div class=\"wp-block-uagb-separator__inner\" style=\"--my-background-image:\"><\/div><\/div>\n\n\n<div class=\"wp-block-uagb-faq uagb-faq__outer-wrap uagb-block-df264a74 uagb-faq-icon-row uagb-faq-layout-accordion uagb-faq-expand-first-true uagb-faq-inactive-other-true uagb-faq__wrap uagb-buttons-layout-wrap uagb-faq-equal-height\" data-faqtoggle=\"true\" role=\"tablist\"><div class=\"wp-block-uagb-faq-child uagb-faq-child__outer-wrap uagb-faq-item uagb-block-3b1cccb2\" role=\"tab\" tabindex=\"0\"><div class=\"uagb-faq-questions-button uagb-faq-questions\">\t\t\t<span class=\"uagb-icon uagb-faq-icon-wrap\">\n\t\t\t\t\t\t\t\t<svg xmlns=\"https:\/\/www.w3.org\/2000\/svg\" viewbox= \"0 0 448 512\"><path d=\"M432 256c0 17.69-14.33 32.01-32 32.01H256v144c0 17.69-14.33 31.99-32 31.99s-32-14.3-32-31.99v-144H48c-17.67 0-32-14.32-32-32.01s14.33-31.99 32-31.99H192v-144c0-17.69 14.33-32.01 32-32.01s32 14.32 32 32.01v144h144C417.7 224 432 238.3 432 256z\"><\/path><\/svg>\n\t\t\t\t\t\t\t<\/span>\n\t\t\t\t\t\t<span class=\"uagb-icon-active uagb-faq-icon-wrap\">\n\t\t\t\t\t\t\t\t<svg xmlns=\"https:\/\/www.w3.org\/2000\/svg\" viewbox= \"0 0 448 512\"><path d=\"M400 288h-352c-17.69 0-32-14.32-32-32.01s14.31-31.99 32-31.99h352c17.69 0 32 14.3 32 31.99S417.7 288 400 288z\"><\/path><\/svg>\n\t\t\t\t\t\t\t<\/span>\n\t\t\t<span class=\"uagb-question\"><strong>Quand aura lieu l&rsquo;\u00e9dition 2026 du Tour du Monde ?<\/strong><\/span><\/div><div class=\"uagb-faq-content\"><p>Retrouvez nous \u00e0 la Fontaine des \u00c9l\u00e9phants de Chamb\u00e9ry <strong>le samedi 28 mars toute la journ\u00e9e <\/strong>!<\/p><\/div><\/div><div class=\"wp-block-uagb-faq-child uagb-faq-child__outer-wrap uagb-faq-item uagb-block-963603b7\" role=\"tab\" tabindex=\"0\"><div class=\"uagb-faq-questions-button uagb-faq-questions\">\t\t\t<span class=\"uagb-icon uagb-faq-icon-wrap\">\n\t\t\t\t\t\t\t\t<svg xmlns=\"https:\/\/www.w3.org\/2000\/svg\" viewbox= \"0 0 448 512\"><path d=\"M432 256c0 17.69-14.33 32.01-32 32.01H256v144c0 17.69-14.33 31.99-32 31.99s-32-14.3-32-31.99v-144H48c-17.67 0-32-14.32-32-32.01s14.33-31.99 32-31.99H192v-144c0-17.69 14.33-32.01 32-32.01s32 14.32 32 32.01v144h144C417.7 224 432 238.3 432 256z\"><\/path><\/svg>\n\t\t\t\t\t\t\t<\/span>\n\t\t\t\t\t\t<span class=\"uagb-icon-active uagb-faq-icon-wrap\">\n\t\t\t\t\t\t\t\t<svg xmlns=\"https:\/\/www.w3.org\/2000\/svg\" viewbox= \"0 0 448 512\"><path d=\"M400 288h-352c-17.69 0-32-14.32-32-32.01s14.31-31.99 32-31.99h352c17.69 0 32 14.3 32 31.99S417.7 288 400 288z\"><\/path><\/svg>\n\t\t\t\t\t\t\t<\/span>\n\t\t\t<span class=\"uagb-question\"><strong>Quand sera annonc\u00e9e la programmation compl\u00e8te ?<\/strong><\/span><\/div><div class=\"uagb-faq-content\"><p>La programmation compl\u00e8te sera annonc\u00e9e d\u00e9but mars. <br>Ne vous en faites pas, elle arrive tr\u00e8s prochainement ! <\/p><\/div><\/div><div class=\"wp-block-uagb-faq-child uagb-faq-child__outer-wrap uagb-faq-item uagb-block-17e7ec8e\" role=\"tab\" tabindex=\"0\"><div class=\"uagb-faq-questions-button uagb-faq-questions\">\t\t\t<span class=\"uagb-icon uagb-faq-icon-wrap\">\n\t\t\t\t\t\t\t\t<svg xmlns=\"https:\/\/www.w3.org\/2000\/svg\" viewbox= \"0 0 448 512\"><path d=\"M432 256c0 17.69-14.33 32.01-32 32.01H256v144c0 17.69-14.33 31.99-32 31.99s-32-14.3-32-31.99v-144H48c-17.67 0-32-14.32-32-32.01s14.33-31.99 32-31.99H192v-144c0-17.69 14.33-32.01 32-32.01s32 14.32 32 32.01v144h144C417.7 224 432 238.3 432 256z\"><\/path><\/svg>\n\t\t\t\t\t\t\t<\/span>\n\t\t\t\t\t\t<span class=\"uagb-icon-active uagb-faq-icon-wrap\">\n\t\t\t\t\t\t\t\t<svg xmlns=\"https:\/\/www.w3.org\/2000\/svg\" viewbox= \"0 0 448 512\"><path d=\"M400 288h-352c-17.69 0-32-14.32-32-32.01s14.31-31.99 32-31.99h352c17.69 0 32 14.3 32 31.99S417.7 288 400 288z\"><\/path><\/svg>\n\t\t\t\t\t\t\t<\/span>\n\t\t\t<span class=\"uagb-question\"><strong>Who can come? Is the entry free?\u00a0<\/strong><\/span><\/div><div class=\"uagb-faq-content\"><p>L\u2019\u00e9v\u00e9nement accueille tout le monde ! De plus, l\u2019entr\u00e9e reste gratuite pendant toute la dur\u00e9e de l&rsquo;\u00e9v\u00e9nement, et sur toutes les activit\u00e9s et animations propos\u00e9es !<\/p><\/div><\/div><div class=\"wp-block-uagb-faq-child uagb-faq-child__outer-wrap uagb-faq-item uagb-block-d9472340\" role=\"tab\" tabindex=\"0\"><div class=\"uagb-faq-questions-button uagb-faq-questions\">\t\t\t<span class=\"uagb-icon uagb-faq-icon-wrap\">\n\t\t\t\t\t\t\t\t<svg xmlns=\"https:\/\/www.w3.org\/2000\/svg\" viewbox= \"0 0 448 512\"><path d=\"M432 256c0 17.69-14.33 32.01-32 32.01H256v144c0 17.69-14.33 31.99-32 31.99s-32-14.3-32-31.99v-144H48c-17.67 0-32-14.32-32-32.01s14.33-31.99 32-31.99H192v-144c0-17.69 14.33-32.01 32-32.01s32 14.32 32 32.01v144h144C417.7 224 432 238.3 432 256z\"><\/path><\/svg>\n\t\t\t\t\t\t\t<\/span>\n\t\t\t\t\t\t<span class=\"uagb-icon-active uagb-faq-icon-wrap\">\n\t\t\t\t\t\t\t\t<svg xmlns=\"https:\/\/www.w3.org\/2000\/svg\" viewbox= \"0 0 448 512\"><path d=\"M400 288h-352c-17.69 0-32-14.32-32-32.01s14.31-31.99 32-31.99h352c17.69 0 32 14.3 32 31.99S417.7 288 400 288z\"><\/path><\/svg>\n\t\t\t\t\t\t\t<\/span>\n\t\t\t<span class=\"uagb-question\"><strong>Is it possible to eat on site?<\/strong><\/span><\/div><div class=\"uagb-faq-content\"><p>Bien s\u00fbr ! Venez profiter de notre espace restauration et bar, qui reste ouvert tout le week-end, pour partir \u00e0 la d\u00e9couverte de nouvelles saveurs culinaires. Vous y trouverez une s\u00e9lection de plats vari\u00e9s, repr\u00e9sentant diff\u00e9rentes cultures du monde. De plus, c&rsquo;est l&rsquo;occasion parfaite de savourer des mets typiques tout en discutant et en \u00e9changeant avec d&rsquo;autres participants.<\/p><\/div><\/div><div class=\"wp-block-uagb-faq-child uagb-faq-child__outer-wrap uagb-faq-item uagb-block-fb1b23ea\" role=\"tab\" tabindex=\"0\"><div class=\"uagb-faq-questions-button uagb-faq-questions\">\t\t\t<span class=\"uagb-icon uagb-faq-icon-wrap\">\n\t\t\t\t\t\t\t\t<svg xmlns=\"https:\/\/www.w3.org\/2000\/svg\" viewbox= \"0 0 448 512\"><path d=\"M432 256c0 17.69-14.33 32.01-32 32.01H256v144c0 17.69-14.33 31.99-32 31.99s-32-14.3-32-31.99v-144H48c-17.67 0-32-14.32-32-32.01s14.33-31.99 32-31.99H192v-144c0-17.69 14.33-32.01 32-32.01s32 14.32 32 32.01v144h144C417.7 224 432 238.3 432 256z\"><\/path><\/svg>\n\t\t\t\t\t\t\t<\/span>\n\t\t\t\t\t\t<span class=\"uagb-icon-active uagb-faq-icon-wrap\">\n\t\t\t\t\t\t\t\t<svg xmlns=\"https:\/\/www.w3.org\/2000\/svg\" viewbox= \"0 0 448 512\"><path d=\"M400 288h-352c-17.69 0-32-14.32-32-32.01s14.31-31.99 32-31.99h352c17.69 0 32 14.3 32 31.99S417.7 288 400 288z\"><\/path><\/svg>\n\t\t\t\t\t\t\t<\/span>\n\t\t\t<span class=\"uagb-question\"><strong>L&rsquo;\u00e9v\u00e9nement est-il accessible aux personnes \u00e0 mobilit\u00e9 r\u00e9duite (PMR)?<\/strong><\/span><\/div><div class=\"uagb-faq-content\"><p>La place des \u00c9l\u00e9phants est un lieu accessible tous. Le jour de l\u2019\u00e9v\u00e9nement, des b\u00e9n\u00e9voles vous accueilleront et vous orienteront vers votre entr\u00e9e.<\/p><\/div><\/div><\/div>\n\n\n<div class=\"wp-block-group is-layout-constrained wp-block-group-is-layout-constrained\"><\/div>\n\n\n\n<hr class=\"wp-block-separator has-text-color has-ast-global-color-6-color has-alpha-channel-opacity has-ast-global-color-6-background-color has-background\"\/>\n\n\n\n<p class=\"has-text-align-center has-ast-global-color-2-color has-text-color has-link-color wp-elements-ddf2683b5d74aea8401bbdb32d50491a\">Si vous avez d&rsquo;autres questions n&rsquo;h\u00e9sitez pas \u00e0 nous contacter par mail \u00e0 : <br><a href=\"mailto:organisation.letourdumonde@gmail.com\">organisation.tourdumonde@gmail.com<\/a><\/p>\n\n\n\n<p><\/p>","protected":false},"excerpt":{"rendered":"<p>fAQ Vous avez des questions ? Avant de nous contacter, consultez notre FAQ. Vous y trouverez s\u00fbrement la r\u00e9ponse \u00e0 votre demande. Nous avons rassembl\u00e9 les informations les plus fr\u00e9quemment pos\u00e9es pour vous aider rapidement. Si toutefois vous ne trouvez pas ce que vous cherchez, contactez-nous directement. Nous r\u00e9pondrons avec plaisir \u00e0 toutes vos questions [&hellip;]<\/p>\n","protected":false},"author":1,"featured_media":0,"parent":0,"menu_order":0,"comment_status":"closed","ping_status":"closed","template":"","meta":{"_uag_custom_page_level_css":"","site-sidebar-layout":"default","site-content-layout":"","ast-site-content-layout":"normal-width-container","site-content-style":"unboxed","site-sidebar-style":"default","ast-global-header-display":"","ast-banner-title-visibility":"","ast-main-header-display":"","ast-hfb-above-header-display":"","ast-hfb-below-header-display":"","ast-hfb-mobile-header-display":"","site-post-title":"disabled","ast-breadcrumbs-content":"","ast-featured-img":"disabled","footer-sml-layout":"","ast-disable-related-posts":"","theme-transparent-header-meta":"","adv-header-id-meta":"","stick-header-meta":"","header-above-stick-meta":"","header-main-stick-meta":"","header-below-stick-meta":"","astra-migrate-meta-layouts":"set","ast-page-background-enabled":"default","ast-page-background-meta":{"desktop":{"background-color":"","background-image":"","background-repeat":"repeat","background-position":"center center","background-size":"auto","background-attachment":"scroll","background-type":"","background-media":"","overlay-type":"","overlay-color":"","overlay-opacity":"","overlay-gradient":""},"tablet":{"background-color":"","background-image":"","background-repeat":"repeat","background-position":"center center","background-size":"auto","background-attachment":"scroll","background-type":"","background-media":"","overlay-type":"","overlay-color":"","overlay-opacity":"","overlay-gradient":""},"mobile":{"background-color":"","background-image":"","background-repeat":"repeat","background-position":"center center","background-size":"auto","background-attachment":"scroll","background-type":"","background-media":"","overlay-type":"","overlay-color":"","overlay-opacity":"","overlay-gradient":""}},"ast-content-background-meta":{"desktop":{"background-color":"var(--ast-global-color-5)","background-image":"","background-repeat":"repeat","background-position":"center center","background-size":"auto","background-attachment":"scroll","background-type":"","background-media":"","overlay-type":"","overlay-color":"","overlay-opacity":"","overlay-gradient":""},"tablet":{"background-color":"var(--ast-global-color-5)","background-image":"","background-repeat":"repeat","background-position":"center center","background-size":"auto","background-attachment":"scroll","background-type":"","background-media":"","overlay-type":"","overlay-color":"","overlay-opacity":"","overlay-gradient":""},"mobile":{"background-color":"var(--ast-global-color-5)","background-image":"","background-repeat":"repeat","background-position":"center center","background-size":"auto","background-attachment":"scroll","background-type":"","background-media":"","overlay-type":"","overlay-color":"","overlay-opacity":"","overlay-gradient":""}},"footnotes":""},"class_list":["post-2","page","type-page","status-publish","hentry"],"yoast_head":"<!-- This site is optimized with the Yoast SEO plugin v26.9 - https:\/\/yoast.com\/product\/yoast-seo-wordpress\/ -->\n<title>FAQ Le Tour du monde \u00e0 Chamb\u00e9 \ud83c\udf0d<\/title>\n<meta name=\"description\" content=\"Trouvez les r\u00e9ponses \u00e0 vos questions sur le Tour du Monde \u00e0 Chamb\u00e9 dans cette FAQ : informations pratiques, acc\u00e8s, programme et bien plus.\" \/>\n<meta name=\"robots\" content=\"index, follow, max-snippet:-1, max-image-preview:large, max-video-preview:-1\" \/>\n<link rel=\"canonical\" href=\"https:\/\/tourdumondeaumanege.com\/en\/faq\/\" \/>\n<meta property=\"og:locale\" content=\"en_US\" \/>\n<meta property=\"og:type\" content=\"article\" \/>\n<meta property=\"og:title\" content=\"FAQ Le Tour du monde \u00e0 Chamb\u00e9 \ud83c\udf0d\" \/>\n<meta property=\"og:description\" content=\"Trouvez les r\u00e9ponses \u00e0 vos questions sur le Tour du Monde \u00e0 Chamb\u00e9 dans cette FAQ : informations pratiques, acc\u00e8s, programme et bien plus.\" \/>\n<meta property=\"og:url\" content=\"https:\/\/tourdumondeaumanege.com\/en\/faq\/\" \/>\n<meta property=\"og:site_name\" content=\"Le Tour du monde \u00e0 Chamb\u00e9 \ud83c\udf0d\" \/>\n<meta property=\"article:publisher\" content=\"https:\/\/www.facebook.com\/tourdumonde.manege\" \/>\n<meta property=\"article:modified_time\" content=\"2026-02-24T12:54:37+00:00\" \/>\n<meta name=\"twitter:card\" content=\"summary_large_image\" \/>\n<meta name=\"twitter:label1\" content=\"Est. reading time\" \/>\n\t<meta name=\"twitter:data1\" content=\"1 minute\" \/>\n<script type=\"application\/ld+json\" class=\"yoast-schema-graph\">{\"@context\":\"https:\/\/schema.org\",\"@graph\":[{\"@type\":\"WebPage\",\"@id\":\"https:\/\/tourdumondeaumanege.com\/faq\/\",\"url\":\"https:\/\/tourdumondeaumanege.com\/faq\/\",\"name\":\"FAQ Le Tour du monde \u00e0 Chamb\u00e9 \ud83c\udf0d\",\"isPartOf\":{\"@id\":\"https:\/\/tourdumondeaumanege.com\/#website\"},\"datePublished\":\"2023-12-26T21:28:15+00:00\",\"dateModified\":\"2026-02-24T12:54:37+00:00\",\"description\":\"Trouvez les r\u00e9ponses \u00e0 vos questions sur le Tour du Monde \u00e0 Chamb\u00e9 dans cette FAQ : informations pratiques, acc\u00e8s, programme et bien plus.\",\"breadcrumb\":{\"@id\":\"https:\/\/tourdumondeaumanege.com\/faq\/#breadcrumb\"},\"inLanguage\":\"en-US\",\"potentialAction\":[{\"@type\":\"ReadAction\",\"target\":[\"https:\/\/tourdumondeaumanege.com\/faq\/\"]}]},{\"@type\":\"BreadcrumbList\",\"@id\":\"https:\/\/tourdumondeaumanege.com\/faq\/#breadcrumb\",\"itemListElement\":[{\"@type\":\"ListItem\",\"position\":1,\"name\":\"Home\",\"item\":\"https:\/\/tourdumondeaumanege.com\/\"},{\"@type\":\"ListItem\",\"position\":2,\"name\":\"FAQ\"}]},{\"@type\":\"WebSite\",\"@id\":\"https:\/\/tourdumondeaumanege.com\/#website\",\"url\":\"https:\/\/tourdumondeaumanege.com\/\",\"name\":\"Le Tour du monde\",\"description\":\"\",\"publisher\":{\"@id\":\"https:\/\/tourdumondeaumanege.com\/#organization\"},\"alternateName\":\"Tour du monde Chamb\u00e9ry\",\"potentialAction\":[{\"@type\":\"SearchAction\",\"target\":{\"@type\":\"EntryPoint\",\"urlTemplate\":\"https:\/\/tourdumondeaumanege.com\/?s={search_term_string}\"},\"query-input\":{\"@type\":\"PropertyValueSpecification\",\"valueRequired\":true,\"valueName\":\"search_term_string\"}}],\"inLanguage\":\"en-US\"},{\"@type\":\"Organization\",\"@id\":\"https:\/\/tourdumondeaumanege.com\/#organization\",\"name\":\"Tour du monde\",\"alternateName\":\"Tour du monde Chamb\u00e9ry\",\"url\":\"https:\/\/tourdumondeaumanege.com\/\",\"logo\":{\"@type\":\"ImageObject\",\"inLanguage\":\"en-US\",\"@id\":\"https:\/\/tourdumondeaumanege.com\/#\/schema\/logo\/image\/\",\"url\":\"https:\/\/tourdumondeaumanege.com\/wp-content\/uploads\/2026\/02\/cropped-LOGO-TDM-SANS-FOND-scaled-1.png\",\"contentUrl\":\"https:\/\/tourdumondeaumanege.com\/wp-content\/uploads\/2026\/02\/cropped-LOGO-TDM-SANS-FOND-scaled-1.png\",\"width\":2556,\"height\":2521,\"caption\":\"Tour du monde\"},\"image\":{\"@id\":\"https:\/\/tourdumondeaumanege.com\/#\/schema\/logo\/image\/\"},\"sameAs\":[\"https:\/\/www.facebook.com\/tourdumonde.manege\",\"https:\/\/www.instagram.com\/tourdumonde.aumanege\/\",\"https:\/\/www.tiktok.com\/@tourdumondeaumanege?_t=8jFYfLFztZZ&_r=1\",\"https:\/\/www.linkedin.com\/company\/tour-du-monde-au-mange\",\"https:\/\/www.youtube.com\/@tourdumondeaumanege4869\"]}]}<\/script>\n<!-- \/ Yoast SEO plugin. -->","yoast_head_json":{"title":"FAQ Le Tour du monde \u00e0 Chamb\u00e9 \ud83c\udf0d","description":"Trouvez les r\u00e9ponses \u00e0 vos questions sur le Tour du Monde \u00e0 Chamb\u00e9 dans cette FAQ : informations pratiques, acc\u00e8s, programme et bien plus.","robots":{"index":"index","follow":"follow","max-snippet":"max-snippet:-1","max-image-preview":"max-image-preview:large","max-video-preview":"max-video-preview:-1"},"canonical":"https:\/\/tourdumondeaumanege.com\/en\/faq\/","og_locale":"en_US","og_type":"article","og_title":"FAQ Le Tour du monde \u00e0 Chamb\u00e9 \ud83c\udf0d","og_description":"Trouvez les r\u00e9ponses \u00e0 vos questions sur le Tour du Monde \u00e0 Chamb\u00e9 dans cette FAQ : informations pratiques, acc\u00e8s, programme et bien plus.","og_url":"https:\/\/tourdumondeaumanege.com\/en\/faq\/","og_site_name":"Le Tour du monde \u00e0 Chamb\u00e9 \ud83c\udf0d","article_publisher":"https:\/\/www.facebook.com\/tourdumonde.manege","article_modified_time":"2026-02-24T12:54:37+00:00","twitter_card":"summary_large_image","twitter_misc":{"Est. reading time":"1 minute"},"schema":{"@context":"https:\/\/schema.org","@graph":[{"@type":"WebPage","@id":"https:\/\/tourdumondeaumanege.com\/faq\/","url":"https:\/\/tourdumondeaumanege.com\/faq\/","name":"FAQ Le Tour du monde \u00e0 Chamb\u00e9 \ud83c\udf0d","isPartOf":{"@id":"https:\/\/tourdumondeaumanege.com\/#website"},"datePublished":"2023-12-26T21:28:15+00:00","dateModified":"2026-02-24T12:54:37+00:00","description":"Trouvez les r\u00e9ponses \u00e0 vos questions sur le Tour du Monde \u00e0 Chamb\u00e9 dans cette FAQ : informations pratiques, acc\u00e8s, programme et bien plus.","breadcrumb":{"@id":"https:\/\/tourdumondeaumanege.com\/faq\/#breadcrumb"},"inLanguage":"en-US","potentialAction":[{"@type":"ReadAction","target":["https:\/\/tourdumondeaumanege.com\/faq\/"]}]},{"@type":"BreadcrumbList","@id":"https:\/\/tourdumondeaumanege.com\/faq\/#breadcrumb","itemListElement":[{"@type":"ListItem","position":1,"name":"Home","item":"https:\/\/tourdumondeaumanege.com\/"},{"@type":"ListItem","position":2,"name":"FAQ"}]},{"@type":"WebSite","@id":"https:\/\/tourdumondeaumanege.com\/#website","url":"https:\/\/tourdumondeaumanege.com\/","name":"Le Tour du monde","description":"","publisher":{"@id":"https:\/\/tourdumondeaumanege.com\/#organization"},"alternateName":"Tour du monde Chamb\u00e9ry","potentialAction":[{"@type":"SearchAction","target":{"@type":"EntryPoint","urlTemplate":"https:\/\/tourdumondeaumanege.com\/?s={search_term_string}"},"query-input":{"@type":"PropertyValueSpecification","valueRequired":true,"valueName":"search_term_string"}}],"inLanguage":"en-US"},{"@type":"Organization","@id":"https:\/\/tourdumondeaumanege.com\/#organization","name":"Tour du monde","alternateName":"Tour du monde Chamb\u00e9ry","url":"https:\/\/tourdumondeaumanege.com\/","logo":{"@type":"ImageObject","inLanguage":"en-US","@id":"https:\/\/tourdumondeaumanege.com\/#\/schema\/logo\/image\/","url":"https:\/\/tourdumondeaumanege.com\/wp-content\/uploads\/2026\/02\/cropped-LOGO-TDM-SANS-FOND-scaled-1.png","contentUrl":"https:\/\/tourdumondeaumanege.com\/wp-content\/uploads\/2026\/02\/cropped-LOGO-TDM-SANS-FOND-scaled-1.png","width":2556,"height":2521,"caption":"Tour du monde"},"image":{"@id":"https:\/\/tourdumondeaumanege.com\/#\/schema\/logo\/image\/"},"sameAs":["https:\/\/www.facebook.com\/tourdumonde.manege","https:\/\/www.instagram.com\/tourdumonde.aumanege\/","https:\/\/www.tiktok.com\/@tourdumondeaumanege?_t=8jFYfLFztZZ&_r=1","https:\/\/www.linkedin.com\/company\/tour-du-monde-au-mange","https:\/\/www.youtube.com\/@tourdumondeaumanege4869"]}]}},"uagb_featured_image_src":{"full":false,"thumbnail":false,"medium":false,"medium_large":false,"large":false,"1536x1536":false,"2048x2048":false,"trp-custom-language-flag":false},"uagb_author_info":{"display_name":"letourdumonde","author_link":"https:\/\/tourdumondeaumanege.com\/en\/author\/letourdumonde\/"},"uagb_comment_info":0,"uagb_excerpt":"fAQ Vous avez des questions ? Avant de nous contacter, consultez notre FAQ. Vous y trouverez s\u00fbrement la r\u00e9ponse \u00e0 votre demande. Nous avons rassembl\u00e9 les informations les plus fr\u00e9quemment pos\u00e9es pour vous aider rapidement. Si toutefois vous ne trouvez pas ce que vous cherchez, contactez-nous directement. Nous r\u00e9pondrons avec plaisir \u00e0 toutes vos questions&hellip;","_links":{"self":[{"href":"https:\/\/tourdumondeaumanege.com\/en\/wp-json\/wp\/v2\/pages\/2","targetHints":{"allow":["GET"]}}],"collection":[{"href":"https:\/\/tourdumondeaumanege.com\/en\/wp-json\/wp\/v2\/pages"}],"about":[{"href":"https:\/\/tourdumondeaumanege.com\/en\/wp-json\/wp\/v2\/types\/page"}],"author":[{"embeddable":true,"href":"https:\/\/tourdumondeaumanege.com\/en\/wp-json\/wp\/v2\/users\/1"}],"replies":[{"embeddable":true,"href":"https:\/\/tourdumondeaumanege.com\/en\/wp-json\/wp\/v2\/comments?post=2"}],"version-history":[{"count":50,"href":"https:\/\/tourdumondeaumanege.com\/en\/wp-json\/wp\/v2\/pages\/2\/revisions"}],"predecessor-version":[{"id":3648,"href":"https:\/\/tourdumondeaumanege.com\/en\/wp-json\/wp\/v2\/pages\/2\/revisions\/3648"}],"wp:attachment":[{"href":"https:\/\/tourdumondeaumanege.com\/en\/wp-json\/wp\/v2\/media?parent=2"}],"curies":[{"name":"wp","href":"https:\/\/api.w.org\/{rel}","templated":true}]}}